{"id":92,"date":"2019-05-13T23:51:05","date_gmt":"2019-05-13T23:51:05","guid":{"rendered":"http:\/\/chieishii.de\/?page_id=92"},"modified":"2021-08-03T07:33:36","modified_gmt":"2021-08-03T07:33:36","slug":"programm","status":"publish","type":"page","link":"https:\/\/chieishii.de\/en\/programm\/","title":{"rendered":"Program"},"content":{"rendered":"<div data-elementor-type=\"wp-post\" data-elementor-id=\"92\" class=\"elementor elementor-92\">\n\t\t\t\t\t\t\t\t\t<section class=\"elementor-section elementor-top-section elementor-element elementor-element-3dcd1d4 elementor-section-boxed elementor-section-height-default elementor-section-height-default\" data-id=\"3dcd1d4\" data-element_type=\"section\">\n\t\t\t\t\t\t<div class=\"elementor-container elementor-column-gap-default\">\n\t\t\t\t\t<div class=\"elementor-column elementor-col-100 elementor-top-column elementor-element elementor-element-7d2c107\" data-id=\"7d2c107\" data-element_type=\"column\">\n\t\t\t<div class=\"elementor-widget-wrap elementor-element-populated\">\n\t\t\t\t\t\t\t\t<div class=\"elementor-element elementor-element-6a9ada5 elementor-widget elementor-widget-heading\" data-id=\"6a9ada5\" data-element_type=\"widget\" data-widget_type=\"heading.default\">\n\t\t\t\t<div class=\"elementor-widget-container\">\n\t\t\t<h2 class=\"elementor-heading-title elementor-size-default\">Program - \"Berlin Affair\"\n<\/h2>\t\t<\/div>\n\t\t\t\t<\/div>\n\t\t\t\t<div class=\"elementor-element elementor-element-1485eae elementor-widget elementor-widget-text-editor\" data-id=\"1485eae\" data-element_type=\"widget\" data-widget_type=\"text-editor.default\">\n\t\t\t\t<div class=\"elementor-widget-container\">\n\t\t\t\t\t\t\t<p><a href=\"https:\/\/chieishii.de\/en\/meine-haende-2\/\" rel=\"attachment wp-att-154\"><img fetchpriority=\"high\" decoding=\"async\" class=\"alignright wp-image-305 size-medium\" src=\"http:\/\/chieishii.de\/wp-content\/uploads\/2021\/08\/Meine-H\u00e4nde-2-300x200.jpg\" alt=\"\" width=\"300\" height=\"200\" srcset=\"https:\/\/chieishii.de\/wp-content\/uploads\/2021\/08\/Meine-H\u00e4nde-2-300x200.jpg 300w, https:\/\/chieishii.de\/wp-content\/uploads\/2021\/08\/Meine-H\u00e4nde-2-768x513.jpg 768w, https:\/\/chieishii.de\/wp-content\/uploads\/2021\/08\/Meine-H\u00e4nde-2-1024x684.jpg 1024w\" sizes=\"(max-width: 300px) 100vw, 300px\" \/><\/a>\"Berlin Affair\" is the title of Chie's piano solo program. It is not an ordinary piano recital of classical music. It is an entertainment program of piano music which Chie presents with her very personal narration. This piano concert is not just for classical fans.<\/p><p>In her program \"Berlin Affair\", Chie plays many of the famous and the popular piano works of the great masters - especially those of Fr\u00e9d\u00e9ric Chopin - and many of her very harmonious and melodious original compositions.<\/p><p>Chie's original compositions are, on average, 3.5 minutes long and include such titles as, \"A Day with You\", \"For Mother\", \"Breakfast Together\", \"Longing\", \"Thinking of you\", etc.<\/p><p>Chie's narration is very personal and free. She provides some anecdotes about the composers or the compositions that she plays, and she also tells you about her personal history and experiences.<\/p><p>You can choose the language in which Chie presents her program - English, German or Japanese.<\/p><p>Chie's stage costumes are modern, individual and original.<\/p><p>For the program \"Berlin Affair\", Chie Ishii needs a tuned grand piano (a digital grand piano is also acceptable) with an adjustable piano chair and a microphone for her narration.<\/p><p>Chie Ishii also plays for small audiences and gives private concerts.<\/p><p>The program \"Berlin Affair\" is very suitable as a show interlude for all kinds of events.<\/p>\t\t\t\t\t\t<\/div>\n\t\t\t\t<\/div>\n\t\t\t\t<div class=\"elementor-element elementor-element-7c3eb02 elementor-widget elementor-widget-heading\" data-id=\"7c3eb02\" data-element_type=\"widget\" data-widget_type=\"heading.default\">\n\t\t\t\t<div class=\"elementor-widget-container\">\n\t\t\t<h2 class=\"elementor-heading-title elementor-size-default\">Program - \"Heinz Erhardt once Classical\" - Classic meets Humour<\/h2>\t\t<\/div>\n\t\t\t\t<\/div>\n\t\t\t\t<div class=\"elementor-element elementor-element-147aa64 elementor-widget elementor-widget-text-editor\" data-id=\"147aa64\" data-element_type=\"widget\" data-widget_type=\"text-editor.default\">\n\t\t\t\t<div class=\"elementor-widget-container\">\n\t\t\t\t\t\t\t<p><a href=\"http:\/\/wordpress.chieishii.com\/?attachment_id=155\" rel=\"attachment wp-att-155\"><img decoding=\"async\" class=\"alignleft size-full wp-image-155\" src=\"http:\/\/wordpress.chieishii.com\/wp-content\/uploads\/2019\/06\/heinz_program.jpg\" alt=\"\" width=\"210\" height=\"212\" srcset=\"https:\/\/chieishii.de\/wp-content\/uploads\/2019\/06\/heinz_program.jpg 210w, https:\/\/chieishii.de\/wp-content\/uploads\/2019\/06\/heinz_program-150x150.jpg 150w\" sizes=\"(max-width: 210px) 100vw, 210px\" \/><\/a>\"Heinz Erhardt once classical\" is a stage program featuring the classical piano works, poems and life story of the legendary German entertainer Heinz Erhardt.<\/p><p>Chie Ishii takes you through the program with her very personal narration. She tells you the life story of Heinz Erhardt and some private anecdotes in a very charming way. To each piece she recites a poem which matches the music and she also presents some sketches. It is a very entertaining variety show of the highest level for all music and theater fans. It is for both Heinz Erhardt fans and Erhardt newcomers an absolute highlight.<\/p><p>Heinz Erhardt's children had this to say about the program: \"We, Heinz Erhardt\u2019s children, had the good fortune to be at the concert, when Chie Ishii had her big night with her Heinz Erhardt Program in the Berlin Philharmonic. The program was superb! The standing ovation was the best evidence that this program is just great\".<\/p><p>Several extracts from Chie's program \"Heinz Erhardt once classical\" are available on her\u00a0<a href=\"https:\/\/www.youtube.com\/channel\/UCJvQoGapzsYfduD1hZ9dG0g\/feed\" target=\"_blank\" rel=\"noopener\">YouTube channel<\/a>\u00a0. Here are two examples.<\/p>\t\t\t\t\t\t<\/div>\n\t\t\t\t<\/div>\n\t\t\t\t<section class=\"elementor-section elementor-inner-section elementor-element elementor-element-7f79d69 elementor-section-boxed elementor-section-height-default elementor-section-height-default\" data-id=\"7f79d69\" data-element_type=\"section\">\n\t\t\t\t\t\t<div class=\"elementor-container elementor-column-gap-default\">\n\t\t\t\t\t<div class=\"elementor-column elementor-col-50 elementor-inner-column elementor-element elementor-element-3904fcf\" data-id=\"3904fcf\" data-element_type=\"column\">\n\t\t\t<div class=\"elementor-widget-wrap elementor-element-populated\">\n\t\t\t\t\t\t\t\t<div class=\"elementor-element elementor-element-c6a9238 elementor-widget elementor-widget-video\" data-id=\"c6a9238\" data-element_type=\"widget\" data-settings=\"{&quot;youtube_url&quot;:&quot;https:\\\/\\\/youtu.be\\\/kYH5Va1OTCk&quot;,&quot;modestbranding&quot;:&quot;yes&quot;,&quot;video_type&quot;:&quot;youtube&quot;,&quot;controls&quot;:&quot;yes&quot;}\" data-widget_type=\"video.default\">\n\t\t\t\t<div class=\"elementor-widget-container\">\n\t\t\t\t\t<div class=\"elementor-wrapper elementor-open-inline\">\n\t\t\t<div class=\"elementor-video\"><\/div>\t\t<\/div>\n\t\t\t\t<\/div>\n\t\t\t\t<\/div>\n\t\t\t\t\t<\/div>\n\t\t<\/div>\n\t\t\t\t<div class=\"elementor-column elementor-col-50 elementor-inner-column elementor-element elementor-element-3e0e8ef\" data-id=\"3e0e8ef\" data-element_type=\"column\">\n\t\t\t<div class=\"elementor-widget-wrap elementor-element-populated\">\n\t\t\t\t\t\t\t\t<div class=\"elementor-element elementor-element-a01f24b elementor-widget elementor-widget-video\" data-id=\"a01f24b\" data-element_type=\"widget\" data-settings=\"{&quot;youtube_url&quot;:&quot;https:\\\/\\\/www.youtube.com\\\/watch?v=WkFB6PdoocE&quot;,&quot;modestbranding&quot;:&quot;yes&quot;,&quot;video_type&quot;:&quot;youtube&quot;,&quot;controls&quot;:&quot;yes&quot;}\" data-widget_type=\"video.default\">\n\t\t\t\t<div class=\"elementor-widget-container\">\n\t\t\t\t\t<div class=\"elementor-wrapper elementor-open-inline\">\n\t\t\t<div class=\"elementor-video\"><\/div>\t\t<\/div>\n\t\t\t\t<\/div>\n\t\t\t\t<\/div>\n\t\t\t\t\t<\/div>\n\t\t<\/div>\n\t\t\t\t\t\t\t<\/div>\n\t\t<\/section>\n\t\t\t\t\t<\/div>\n\t\t<\/div>\n\t\t\t\t\t\t\t<\/div>\n\t\t<\/section>\n\t\t\t\t\t\t\t<\/div>","protected":false},"excerpt":{"rendered":"<p>Programm &#8211; &#8222;Berlin Affair&#8220; &#8222;Berlin Affair&#8220;, so nennt Chie Ishii ihr Klavier Soloprogramm. Es ist kein herk\u00f6mmliches Klavierkonzert der klassischen Musik. Es ist ein Programm der &#8222;unterhaltenden Klassik&#8220;, welches Chie Ishii mit ihrer ganz pers\u00f6nlichen Moderation pr\u00e4sentiert. Es ist ein Klavierprogramm nicht nur f\u00fcr Klassikfans. Chie Ishii pr\u00e4sentiert in diesem Programm bekannte und beliebte Werke [&hellip;]<\/p>","protected":false},"author":1,"featured_media":0,"parent":0,"menu_order":0,"comment_status":"closed","ping_status":"closed","template":"elementor_header_footer","meta":{"footnotes":""},"_links":{"self":[{"href":"https:\/\/chieishii.de\/en\/wp-json\/wp\/v2\/pages\/92"}],"collection":[{"href":"https:\/\/chieishii.de\/en\/wp-json\/wp\/v2\/pages"}],"about":[{"href":"https:\/\/chieishii.de\/en\/wp-json\/wp\/v2\/types\/page"}],"author":[{"embeddable":true,"href":"https:\/\/chieishii.de\/en\/wp-json\/wp\/v2\/users\/1"}],"replies":[{"embeddable":true,"href":"https:\/\/chieishii.de\/en\/wp-json\/wp\/v2\/comments?post=92"}],"version-history":[{"count":4,"href":"https:\/\/chieishii.de\/en\/wp-json\/wp\/v2\/pages\/92\/revisions"}],"predecessor-version":[{"id":309,"href":"https:\/\/chieishii.de\/en\/wp-json\/wp\/v2\/pages\/92\/revisions\/309"}],"wp:attachment":[{"href":"https:\/\/chieishii.de\/en\/wp-json\/wp\/v2\/media?parent=92"}],"curies":[{"name":"wp","href":"https:\/\/api.w.org\/{rel}","templated":true}]}}