{"id":132,"date":"2019-06-21T15:01:41","date_gmt":"2019-06-21T15:01:41","guid":{"rendered":"http:\/\/chieishii.de\/?page_id=132"},"modified":"2021-08-03T07:30:43","modified_gmt":"2021-08-03T07:30:43","slug":"buecher","status":"publish","type":"page","link":"https:\/\/chieishii.de\/en\/buecher\/","title":{"rendered":"Books"},"content":{"rendered":"<div data-elementor-type=\"wp-post\" data-elementor-id=\"132\" class=\"elementor elementor-132\">\n\t\t\t\t\t\t\t\t\t<section class=\"elementor-section elementor-top-section elementor-element elementor-element-924400a elementor-section-boxed elementor-section-height-default elementor-section-height-default\" data-id=\"924400a\" data-element_type=\"section\">\n\t\t\t\t\t\t<div class=\"elementor-container elementor-column-gap-default\">\n\t\t\t\t\t<div class=\"elementor-column elementor-col-100 elementor-top-column elementor-element elementor-element-353cdcf\" data-id=\"353cdcf\" data-element_type=\"column\">\n\t\t\t<div class=\"elementor-widget-wrap elementor-element-populated\">\n\t\t\t\t\t\t\t\t<div class=\"elementor-element elementor-element-0f2db35 elementor-widget elementor-widget-heading\" data-id=\"0f2db35\" data-element_type=\"widget\" data-widget_type=\"heading.default\">\n\t\t\t\t<div class=\"elementor-widget-container\">\n\t\t\t<h2 class=\"elementor-heading-title elementor-size-default\">Books<\/h2>\t\t<\/div>\n\t\t\t\t<\/div>\n\t\t\t\t<div class=\"elementor-element elementor-element-de15808 elementor-widget elementor-widget-text-editor\" data-id=\"de15808\" data-element_type=\"widget\" data-widget_type=\"text-editor.default\">\n\t\t\t\t<div class=\"elementor-widget-container\">\n\t\t\t\t\t\t\t<p>Books for Piano and Keyboard in a nutshell!<\/p><p>From the study for the beginner to the collection of romantic compositions and treasure chest for all who are looking for pieces for recital or just some nice tunes.<\/p><p>With \"Heinz Erhardt mal klassisch\" and the \"MIA Songbook\", the author completes her literary repertoire.<\/p>\t\t\t\t\t\t<\/div>\n\t\t\t\t<\/div>\n\t\t\t\t\t<\/div>\n\t\t<\/div>\n\t\t\t\t\t\t\t<\/div>\n\t\t<\/section>\n\t\t\t\t<section class=\"elementor-section elementor-top-section elementor-element elementor-element-7495b54 elementor-section-boxed elementor-section-height-default elementor-section-height-default\" data-id=\"7495b54\" data-element_type=\"section\">\n\t\t\t\t\t\t<div class=\"elementor-container elementor-column-gap-default\">\n\t\t\t\t\t<div class=\"elementor-column elementor-col-100 elementor-top-column elementor-element elementor-element-5c17e1e\" data-id=\"5c17e1e\" data-element_type=\"column\">\n\t\t\t<div class=\"elementor-widget-wrap elementor-element-populated\">\n\t\t\t\t\t\t\t\t<section class=\"elementor-section elementor-inner-section elementor-element elementor-element-e1cfaf9 elementor-section-boxed elementor-section-height-default elementor-section-height-default\" data-id=\"e1cfaf9\" data-element_type=\"section\">\n\t\t\t\t\t\t<div class=\"elementor-container elementor-column-gap-default\">\n\t\t\t\t\t<div class=\"elementor-column elementor-col-33 elementor-inner-column elementor-element elementor-element-1426bb2\" data-id=\"1426bb2\" data-element_type=\"column\">\n\t\t\t<div class=\"elementor-widget-wrap elementor-element-populated\">\n\t\t\t\t\t\t\t\t<div class=\"elementor-element elementor-element-cc4e93a elementor-widget elementor-widget-image\" data-id=\"cc4e93a\" data-element_type=\"widget\" data-widget_type=\"image.default\">\n\t\t\t\t<div class=\"elementor-widget-container\">\n\t\t\t\t\t\t\t\t\t\t\t\t\t\t\t<img fetchpriority=\"high\" decoding=\"async\" width=\"191\" height=\"274\" src=\"https:\/\/chieishii.de\/wp-content\/uploads\/2019\/06\/piano.jpg\" class=\"attachment-large size-large wp-image-134\" alt=\"\" \/>\t\t\t\t\t\t\t\t\t\t\t\t\t\t\t<\/div>\n\t\t\t\t<\/div>\n\t\t\t\t\t<\/div>\n\t\t<\/div>\n\t\t\t\t<div class=\"elementor-column elementor-col-66 elementor-inner-column elementor-element elementor-element-0c6078f\" data-id=\"0c6078f\" data-element_type=\"column\">\n\t\t\t<div class=\"elementor-widget-wrap elementor-element-populated\">\n\t\t\t\t\t\t\t\t<div class=\"elementor-element elementor-element-75e5b0a elementor-widget elementor-widget-heading\" data-id=\"75e5b0a\" data-element_type=\"widget\" data-widget_type=\"heading.default\">\n\t\t\t\t<div class=\"elementor-widget-container\">\n\t\t\t<h4 class=\"elementor-heading-title elementor-size-default\">Piano - The Secret Japanese Method\n\n<\/h4>\t\t<\/div>\n\t\t\t\t<\/div>\n\t\t\t\t<div class=\"elementor-element elementor-element-672cb64 elementor-widget elementor-widget-text-editor\" data-id=\"672cb64\" data-element_type=\"widget\" data-widget_type=\"text-editor.default\">\n\t\t\t\t<div class=\"elementor-widget-container\">\n\t\t\t\t\t\t\t<p>is the new piano method by Chie Ishii which is highly praised in the specialist press.<\/p><p>All the explanations are both in English and in German.<\/p><ul><li>Well-tested teaching concept.<\/li><li>Master the fundamentals of successful piano playing.<\/li><li>Accompaniments to all exercise pieces as a free download.<\/li><li>Suitable for both lessons and self study.<\/li><li>The author is contactable in case of further questions.<\/li><\/ul><p><a href=\"http:\/\/chieishii.bandcamp.com\/\" target=\"_blank\" rel=\"noopener\">Buy now<\/a><\/p>\t\t\t\t\t\t<\/div>\n\t\t\t\t<\/div>\n\t\t\t\t\t<\/div>\n\t\t<\/div>\n\t\t\t\t\t\t\t<\/div>\n\t\t<\/section>\n\t\t\t\t<section class=\"elementor-section elementor-inner-section elementor-element elementor-element-676a07d elementor-section-boxed elementor-section-height-default elementor-section-height-default\" data-id=\"676a07d\" data-element_type=\"section\">\n\t\t\t\t\t\t<div class=\"elementor-container elementor-column-gap-default\">\n\t\t\t\t\t<div class=\"elementor-column elementor-col-33 elementor-inner-column elementor-element elementor-element-c23e749\" data-id=\"c23e749\" data-element_type=\"column\">\n\t\t\t<div class=\"elementor-widget-wrap elementor-element-populated\">\n\t\t\t\t\t\t\t\t<div class=\"elementor-element elementor-element-7fde19b elementor-widget elementor-widget-image\" data-id=\"7fde19b\" data-element_type=\"widget\" data-widget_type=\"image.default\">\n\t\t\t\t<div class=\"elementor-widget-container\">\n\t\t\t\t\t\t\t\t\t\t\t\t\t\t\t<img decoding=\"async\" width=\"195\" height=\"274\" src=\"https:\/\/chieishii.de\/wp-content\/uploads\/2019\/06\/basisbuch_klavier_new.jpg\" class=\"attachment-large size-large wp-image-135\" alt=\"\" \/>\t\t\t\t\t\t\t\t\t\t\t\t\t\t\t<\/div>\n\t\t\t\t<\/div>\n\t\t\t\t\t<\/div>\n\t\t<\/div>\n\t\t\t\t<div class=\"elementor-column elementor-col-66 elementor-inner-column elementor-element elementor-element-77a6ab9\" data-id=\"77a6ab9\" data-element_type=\"column\">\n\t\t\t<div class=\"elementor-widget-wrap elementor-element-populated\">\n\t\t\t\t\t\t\t\t<div class=\"elementor-element elementor-element-aaa1834 elementor-widget elementor-widget-heading\" data-id=\"aaa1834\" data-element_type=\"widget\" data-widget_type=\"heading.default\">\n\t\t\t\t<div class=\"elementor-widget-container\">\n\t\t\t<h4 class=\"elementor-heading-title elementor-size-default\">Basisbuch Klavier \/ Piano Method<\/h4>\t\t<\/div>\n\t\t\t\t<\/div>\n\t\t\t\t<div class=\"elementor-element elementor-element-5d24450 elementor-widget elementor-widget-text-editor\" data-id=\"5d24450\" data-element_type=\"widget\" data-widget_type=\"text-editor.default\">\n\t\t\t\t<div class=\"elementor-widget-container\">\n\t\t\t\t\t\t\t<p>Basisbuch Klavier with 101 pieces is for all who really want to learn to play the piano.<\/p><p>In this book you will see her innovative concept for learning to play the piano. Based on her rich experience as a concert pianist and as a piano teacher, she finished this unique method that employs the ensemble (duet) playing from the beginning throughout the book.<\/p><p>After the successful completion of this book, you will have a solid basic for further development as a pianist.<\/p><p><u>Highlights of the book:<\/u><\/p><ul><li>All the accompaniments are on the CD (99 tracks)<\/li><li>Explanation of the important basics of music theory<\/li><li>Many pictures for important subjects such as: sitting posture, hand forms, finger technique<\/li><li>Many solo pieces and popular pieces<\/li><li>Introduction to the beginning of improvisation<\/li><\/ul><p><a href=\"https:\/\/www.amazon.de\/Basisbuch-Klavier-101-%C3%9Cbungen-Anfangsunterricht\/dp\/3868201130\" target=\"_blank\" rel=\"noopener\">Buy now<\/a><\/p>\t\t\t\t\t\t<\/div>\n\t\t\t\t<\/div>\n\t\t\t\t\t<\/div>\n\t\t<\/div>\n\t\t\t\t\t\t\t<\/div>\n\t\t<\/section>\n\t\t\t\t<section class=\"elementor-section elementor-inner-section elementor-element elementor-element-90cd876 elementor-section-boxed elementor-section-height-default elementor-section-height-default\" data-id=\"90cd876\" data-element_type=\"section\">\n\t\t\t\t\t\t<div class=\"elementor-container elementor-column-gap-default\">\n\t\t\t\t\t<div class=\"elementor-column elementor-col-33 elementor-inner-column elementor-element elementor-element-ca8a224\" data-id=\"ca8a224\" data-element_type=\"column\">\n\t\t\t<div class=\"elementor-widget-wrap elementor-element-populated\">\n\t\t\t\t\t\t\t\t<div class=\"elementor-element elementor-element-6667827 elementor-widget elementor-widget-image\" data-id=\"6667827\" data-element_type=\"widget\" data-widget_type=\"image.default\">\n\t\t\t\t<div class=\"elementor-widget-container\">\n\t\t\t\t\t\t\t\t\t\t\t\t\t\t\t<img decoding=\"async\" width=\"195\" height=\"274\" src=\"https:\/\/chieishii.de\/wp-content\/uploads\/2019\/06\/an_die_tasten.jpg\" class=\"attachment-large size-large wp-image-136\" alt=\"\" \/>\t\t\t\t\t\t\t\t\t\t\t\t\t\t\t<\/div>\n\t\t\t\t<\/div>\n\t\t\t\t\t<\/div>\n\t\t<\/div>\n\t\t\t\t<div class=\"elementor-column elementor-col-66 elementor-inner-column elementor-element elementor-element-cd63aec\" data-id=\"cd63aec\" data-element_type=\"column\">\n\t\t\t<div class=\"elementor-widget-wrap elementor-element-populated\">\n\t\t\t\t\t\t\t\t<div class=\"elementor-element elementor-element-eb665c8 elementor-widget elementor-widget-heading\" data-id=\"eb665c8\" data-element_type=\"widget\" data-widget_type=\"heading.default\">\n\t\t\t\t<div class=\"elementor-widget-container\">\n\t\t\t<h4 class=\"elementor-heading-title elementor-size-default\">An die Tasten \/ Keyboard Method<\/h4>\t\t<\/div>\n\t\t\t\t<\/div>\n\t\t\t\t<div class=\"elementor-element elementor-element-a5de890 elementor-widget elementor-widget-text-editor\" data-id=\"a5de890\" data-element_type=\"widget\" data-widget_type=\"text-editor.default\">\n\t\t\t\t<div class=\"elementor-widget-container\">\n\t\t\t\t\t\t\t<p>An die Tasten is a new beginner method for keyboard.<\/p><p>With this method, Chie Ishii put the most important facts and techniques for Keyboard and electric piano in a nutshell!<\/p><p>\"Keyboard Method\" combines 2 instruments and explains the basics of both keyboard instruments precisely for the beginner with many pictures, nice drawings, many tips and practice pieces utilising well known melodies.<\/p><p><a href=\"http:\/\/chieishii.bandcamp.com\/\" target=\"_blank\" rel=\"noopener\">Buy now<\/a><\/p>\t\t\t\t\t\t<\/div>\n\t\t\t\t<\/div>\n\t\t\t\t\t<\/div>\n\t\t<\/div>\n\t\t\t\t\t\t\t<\/div>\n\t\t<\/section>\n\t\t\t\t<section class=\"elementor-section elementor-inner-section elementor-element elementor-element-85fbf26 elementor-section-boxed elementor-section-height-default elementor-section-height-default\" data-id=\"85fbf26\" data-element_type=\"section\">\n\t\t\t\t\t\t<div class=\"elementor-container elementor-column-gap-default\">\n\t\t\t\t\t<div class=\"elementor-column elementor-col-33 elementor-inner-column elementor-element elementor-element-ba55625\" data-id=\"ba55625\" data-element_type=\"column\">\n\t\t\t<div class=\"elementor-widget-wrap elementor-element-populated\">\n\t\t\t\t\t\t\t\t<div class=\"elementor-element elementor-element-9528295 elementor-widget elementor-widget-image\" data-id=\"9528295\" data-element_type=\"widget\" data-widget_type=\"image.default\">\n\t\t\t\t<div class=\"elementor-widget-container\">\n\t\t\t\t\t\t\t\t\t\t\t\t\t\t\t<img loading=\"lazy\" decoding=\"async\" width=\"195\" height=\"276\" src=\"https:\/\/chieishii.de\/wp-content\/uploads\/2019\/06\/20_kleine_konzertstuecke.jpg\" class=\"attachment-large size-large wp-image-137\" alt=\"\" \/>\t\t\t\t\t\t\t\t\t\t\t\t\t\t\t<\/div>\n\t\t\t\t<\/div>\n\t\t\t\t\t<\/div>\n\t\t<\/div>\n\t\t\t\t<div class=\"elementor-column elementor-col-66 elementor-inner-column elementor-element elementor-element-a2e6931\" data-id=\"a2e6931\" data-element_type=\"column\">\n\t\t\t<div class=\"elementor-widget-wrap elementor-element-populated\">\n\t\t\t\t\t\t\t\t<div class=\"elementor-element elementor-element-736f3a8 elementor-widget elementor-widget-heading\" data-id=\"736f3a8\" data-element_type=\"widget\" data-widget_type=\"heading.default\">\n\t\t\t\t<div class=\"elementor-widget-container\">\n\t\t\t<h4 class=\"elementor-heading-title elementor-size-default\">20 Kleine Konzertst\u00fccke \/ 20 Small Concert Pieces<\/h4>\t\t<\/div>\n\t\t\t\t<\/div>\n\t\t\t\t<div class=\"elementor-element elementor-element-d7e3e00 elementor-widget elementor-widget-text-editor\" data-id=\"d7e3e00\" data-element_type=\"widget\" data-widget_type=\"text-editor.default\">\n\t\t\t\t<div class=\"elementor-widget-container\">\n\t\t\t\t\t\t\t<p>is a real gold mine for everybody who is looking for nice pieces to perform at concerts or just to play for yourself that sound impressive at a moderate technical level.<\/p><p>This book is strongly recommended as a supplementary to the \"Basisbuch Klavier\" so that you can employ the technique and knowledge you have just learned in the method.<\/p><p>All pieces are on the CD. (20 tracks + 1 bonus track \"I\u2019ll think about You\" of Chie Ishii).<\/p><ul><li>Original Works of Bach and Beethoven (baroque and classical)<\/li><li>Arrangements of popular pieces (romantic and pop)<\/li><li>New compositions of Chie Ishii (romantic and pop)<\/li><\/ul><p><a href=\"http:\/\/chieishii.bandcamp.com\/\" target=\"_blank\" rel=\"noopener\">Buy now<\/a><\/p>\t\t\t\t\t\t<\/div>\n\t\t\t\t<\/div>\n\t\t\t\t\t<\/div>\n\t\t<\/div>\n\t\t\t\t\t\t\t<\/div>\n\t\t<\/section>\n\t\t\t\t<section class=\"elementor-section elementor-inner-section elementor-element elementor-element-de71fb6 elementor-section-boxed elementor-section-height-default elementor-section-height-default\" data-id=\"de71fb6\" data-element_type=\"section\">\n\t\t\t\t\t\t<div class=\"elementor-container elementor-column-gap-default\">\n\t\t\t\t\t<div class=\"elementor-column elementor-col-33 elementor-inner-column elementor-element elementor-element-e7d18a0\" data-id=\"e7d18a0\" data-element_type=\"column\">\n\t\t\t<div class=\"elementor-widget-wrap elementor-element-populated\">\n\t\t\t\t\t\t\t\t<div class=\"elementor-element elementor-element-1517d45 elementor-widget elementor-widget-image\" data-id=\"1517d45\" data-element_type=\"widget\" data-widget_type=\"image.default\">\n\t\t\t\t<div class=\"elementor-widget-container\">\n\t\t\t\t\t\t\t\t\t\t\t\t\t\t\t<img loading=\"lazy\" decoding=\"async\" width=\"195\" height=\"279\" src=\"https:\/\/chieishii.de\/wp-content\/uploads\/2019\/06\/christmas_on_earth.jpg\" class=\"attachment-large size-large wp-image-138\" alt=\"\" \/>\t\t\t\t\t\t\t\t\t\t\t\t\t\t\t<\/div>\n\t\t\t\t<\/div>\n\t\t\t\t\t<\/div>\n\t\t<\/div>\n\t\t\t\t<div class=\"elementor-column elementor-col-66 elementor-inner-column elementor-element elementor-element-381ed99\" data-id=\"381ed99\" data-element_type=\"column\">\n\t\t\t<div class=\"elementor-widget-wrap elementor-element-populated\">\n\t\t\t\t\t\t\t\t<div class=\"elementor-element elementor-element-636b969 elementor-widget elementor-widget-heading\" data-id=\"636b969\" data-element_type=\"widget\" data-widget_type=\"heading.default\">\n\t\t\t\t<div class=\"elementor-widget-container\">\n\t\t\t<h4 class=\"elementor-heading-title elementor-size-default\">Christmas on Earth<\/h4>\t\t<\/div>\n\t\t\t\t<\/div>\n\t\t\t\t<div class=\"elementor-element elementor-element-be8289c elementor-widget elementor-widget-text-editor\" data-id=\"be8289c\" data-element_type=\"widget\" data-widget_type=\"text-editor.default\">\n\t\t\t\t<div class=\"elementor-widget-container\">\n\t\t\t\t\t\t\t<p>comprises 20 popular and well known Christmas carols from all over the world for piano and keyboard.<\/p><p>The piano versions are newly arranged by Chie Ishii, which are excellent solo pieces for Christmas time.<\/p><p>The keyboard versions include chord symbols, fingerings as well as sound and rhythm suggestions.<\/p><p>Whether a pianist or a keyboard player, this Christmas book can help you to make the nicest time of the year even nicer.<\/p><p><a href=\"http:\/\/chieishii.bandcamp.com\/\" target=\"_blank\" rel=\"noopener\">Buy now<\/a><\/p>\t\t\t\t\t\t<\/div>\n\t\t\t\t<\/div>\n\t\t\t\t\t<\/div>\n\t\t<\/div>\n\t\t\t\t\t\t\t<\/div>\n\t\t<\/section>\n\t\t\t\t<section class=\"elementor-section elementor-inner-section elementor-element elementor-element-b45708f elementor-section-boxed elementor-section-height-default elementor-section-height-default\" data-id=\"b45708f\" data-element_type=\"section\">\n\t\t\t\t\t\t<div class=\"elementor-container elementor-column-gap-default\">\n\t\t\t\t\t<div class=\"elementor-column elementor-col-33 elementor-inner-column elementor-element elementor-element-9d5e6f1\" data-id=\"9d5e6f1\" data-element_type=\"column\">\n\t\t\t<div class=\"elementor-widget-wrap elementor-element-populated\">\n\t\t\t\t\t\t\t\t<div class=\"elementor-element elementor-element-f34799b elementor-widget elementor-widget-image\" data-id=\"f34799b\" data-element_type=\"widget\" data-widget_type=\"image.default\">\n\t\t\t\t<div class=\"elementor-widget-container\">\n\t\t\t\t\t\t\t\t\t\t\t\t\t\t\t<img loading=\"lazy\" decoding=\"async\" width=\"195\" height=\"280\" src=\"https:\/\/chieishii.de\/wp-content\/uploads\/2019\/06\/ich_denke_an_dich.jpg\" class=\"attachment-large size-large wp-image-139\" alt=\"\" \/>\t\t\t\t\t\t\t\t\t\t\t\t\t\t\t<\/div>\n\t\t\t\t<\/div>\n\t\t\t\t\t<\/div>\n\t\t<\/div>\n\t\t\t\t<div class=\"elementor-column elementor-col-66 elementor-inner-column elementor-element elementor-element-15b6cef\" data-id=\"15b6cef\" data-element_type=\"column\">\n\t\t\t<div class=\"elementor-widget-wrap elementor-element-populated\">\n\t\t\t\t\t\t\t\t<div class=\"elementor-element elementor-element-1a5557f elementor-widget elementor-widget-heading\" data-id=\"1a5557f\" data-element_type=\"widget\" data-widget_type=\"heading.default\">\n\t\t\t\t<div class=\"elementor-widget-container\">\n\t\t\t<h4 class=\"elementor-heading-title elementor-size-default\">Ich denke an Dich \/ I\u2019ll think about you<\/h4>\t\t<\/div>\n\t\t\t\t<\/div>\n\t\t\t\t<div class=\"elementor-element elementor-element-74e1f6f elementor-widget elementor-widget-text-editor\" data-id=\"74e1f6f\" data-element_type=\"widget\" data-widget_type=\"text-editor.default\">\n\t\t\t\t<div class=\"elementor-widget-container\">\n\t\t\t\t\t\t\t<p>The compositions in this volume are:<\/p><ul><li>Ich denke an Dich \/ I\u2019ll think about you<\/li><li>A Day with you<\/li><li>Father, Where are you?<\/li><li>In the Big City<\/li><li>A New Start<\/li><\/ul><p><a href=\"http:\/\/chieishii.bandcamp.com\/merch\/sheet-music-booklet-5-original-compositions-of-chie-ishii-2\" target=\"_blank\" rel=\"noopener\">Buy now<\/a><\/p>\t\t\t\t\t\t<\/div>\n\t\t\t\t<\/div>\n\t\t\t\t\t<\/div>\n\t\t<\/div>\n\t\t\t\t\t\t\t<\/div>\n\t\t<\/section>\n\t\t\t\t<section class=\"elementor-section elementor-inner-section elementor-element elementor-element-ee1eb91 elementor-section-boxed elementor-section-height-default elementor-section-height-default\" data-id=\"ee1eb91\" data-element_type=\"section\">\n\t\t\t\t\t\t<div class=\"elementor-container elementor-column-gap-default\">\n\t\t\t\t\t<div class=\"elementor-column elementor-col-33 elementor-inner-column elementor-element elementor-element-b187faa\" data-id=\"b187faa\" data-element_type=\"column\">\n\t\t\t<div class=\"elementor-widget-wrap elementor-element-populated\">\n\t\t\t\t\t\t\t\t<div class=\"elementor-element elementor-element-4bd7362 elementor-widget elementor-widget-image\" data-id=\"4bd7362\" data-element_type=\"widget\" data-widget_type=\"image.default\">\n\t\t\t\t<div class=\"elementor-widget-container\">\n\t\t\t\t\t\t\t\t\t\t\t\t\t\t\t<img loading=\"lazy\" decoding=\"async\" width=\"195\" height=\"275\" src=\"https:\/\/chieishii.de\/wp-content\/uploads\/2019\/06\/heinz_erhardt_mal_klassisch.jpg\" class=\"attachment-large size-large wp-image-140\" alt=\"\" \/>\t\t\t\t\t\t\t\t\t\t\t\t\t\t\t<\/div>\n\t\t\t\t<\/div>\n\t\t\t\t\t<\/div>\n\t\t<\/div>\n\t\t\t\t<div class=\"elementor-column elementor-col-66 elementor-inner-column elementor-element elementor-element-396e758\" data-id=\"396e758\" data-element_type=\"column\">\n\t\t\t<div class=\"elementor-widget-wrap elementor-element-populated\">\n\t\t\t\t\t\t\t\t<div class=\"elementor-element elementor-element-f495950 elementor-widget elementor-widget-heading\" data-id=\"f495950\" data-element_type=\"widget\" data-widget_type=\"heading.default\">\n\t\t\t\t<div class=\"elementor-widget-container\">\n\t\t\t<h4 class=\"elementor-heading-title elementor-size-default\">Heinz Erhardt mal klassisch<\/h4>\t\t<\/div>\n\t\t\t\t<\/div>\n\t\t\t\t<div class=\"elementor-element elementor-element-01bacd9 elementor-widget elementor-widget-text-editor\" data-id=\"01bacd9\" data-element_type=\"widget\" data-widget_type=\"text-editor.default\">\n\t\t\t\t<div class=\"elementor-widget-container\">\n\t\t\t\t\t\t\t<p>is a sensational discovery and an absolute highlight.<\/p><p>20 as yet unpublished compositions of Heinz Erhardt were read and true to original reproduced as sheet music by Chie Ishii.\n\nThese compositions were found in the cellar of the family house by his son and for the first time in celebration of his 100th birthday as a sheet music collection published.<\/p><p><a href=\"http:\/\/chieishii.bandcamp.com\/\" target=\"_blank\" rel=\"noopener\">Buy now<\/a><\/p>\t\t\t\t\t\t<\/div>\n\t\t\t\t<\/div>\n\t\t\t\t\t<\/div>\n\t\t<\/div>\n\t\t\t\t\t\t\t<\/div>\n\t\t<\/section>\n\t\t\t\t<section class=\"elementor-section elementor-inner-section elementor-element elementor-element-88a475a elementor-section-boxed elementor-section-height-default elementor-section-height-default\" data-id=\"88a475a\" data-element_type=\"section\">\n\t\t\t\t\t\t<div class=\"elementor-container elementor-column-gap-default\">\n\t\t\t\t\t<div class=\"elementor-column elementor-col-33 elementor-inner-column elementor-element elementor-element-eab3cc7\" data-id=\"eab3cc7\" data-element_type=\"column\">\n\t\t\t<div class=\"elementor-widget-wrap elementor-element-populated\">\n\t\t\t\t\t\t\t\t<div class=\"elementor-element elementor-element-92f14de elementor-widget elementor-widget-image\" data-id=\"92f14de\" data-element_type=\"widget\" data-widget_type=\"image.default\">\n\t\t\t\t<div class=\"elementor-widget-container\">\n\t\t\t\t\t\t\t\t\t\t\t\t\t\t\t<img loading=\"lazy\" decoding=\"async\" width=\"195\" height=\"280\" src=\"https:\/\/chieishii.de\/wp-content\/uploads\/2019\/06\/mia_songbook.jpg\" class=\"attachment-large size-large wp-image-141\" alt=\"\" \/>\t\t\t\t\t\t\t\t\t\t\t\t\t\t\t<\/div>\n\t\t\t\t<\/div>\n\t\t\t\t\t<\/div>\n\t\t<\/div>\n\t\t\t\t<div class=\"elementor-column elementor-col-66 elementor-inner-column elementor-element elementor-element-93263bd\" data-id=\"93263bd\" data-element_type=\"column\">\n\t\t\t<div class=\"elementor-widget-wrap elementor-element-populated\">\n\t\t\t\t\t\t\t\t<div class=\"elementor-element elementor-element-6ed40cd elementor-widget elementor-widget-heading\" data-id=\"6ed40cd\" data-element_type=\"widget\" data-widget_type=\"heading.default\">\n\t\t\t\t<div class=\"elementor-widget-container\">\n\t\t\t<h4 class=\"elementor-heading-title elementor-size-default\">MIA Songbook<\/h4>\t\t<\/div>\n\t\t\t\t<\/div>\n\t\t\t\t<div class=\"elementor-element elementor-element-be050e8 elementor-widget elementor-widget-text-editor\" data-id=\"be050e8\" data-element_type=\"widget\" data-widget_type=\"text-editor.default\">\n\t\t\t\t<div class=\"elementor-widget-container\">\n\t\t\t\t\t\t\t<div class=\"container\"><div class=\"row\"><div class=\"col-md-8\"><p>12 Hits of MIA were transcribed from CDs by Chie Ishii.\n\nThe book includes the vocal lines with words, keyboard parts, chord symbols, guitar tabs, drum grooves and some bass lines.<\/p><\/div><\/div><\/div><p>\u00a0<\/p>\t\t\t\t\t\t<\/div>\n\t\t\t\t<\/div>\n\t\t\t\t\t<\/div>\n\t\t<\/div>\n\t\t\t\t\t\t\t<\/div>\n\t\t<\/section>\n\t\t\t\t\t<\/div>\n\t\t<\/div>\n\t\t\t\t\t\t\t<\/div>\n\t\t<\/section>\n\t\t\t\t\t\t\t<\/div>","protected":false},"excerpt":{"rendered":"<p>B\u00fccher B\u00fccher f\u00fcr Klavier, Keyboard und E-Piano auf den Punkt gebracht! Von der Schule f\u00fcr den Anfang, bis hin zur Sammlung von romantischen Kompositionen und zur Fundgrube f\u00fcr alle, die auf der Suche nach Melodien f\u00fcr ein Vorspiel oder einfach nach sch\u00f6ne St\u00fccken sind. Mit Noten von &#8222;Heinz Erhardt &#8230;mal klassisch&#8220; und dem &#8222;Mia. Songbook&#8220; [&hellip;]<\/p>","protected":false},"author":1,"featured_media":0,"parent":0,"menu_order":0,"comment_status":"closed","ping_status":"closed","template":"elementor_header_footer","meta":{"footnotes":""},"_links":{"self":[{"href":"https:\/\/chieishii.de\/en\/wp-json\/wp\/v2\/pages\/132"}],"collection":[{"href":"https:\/\/chieishii.de\/en\/wp-json\/wp\/v2\/pages"}],"about":[{"href":"https:\/\/chieishii.de\/en\/wp-json\/wp\/v2\/types\/page"}],"author":[{"embeddable":true,"href":"https:\/\/chieishii.de\/en\/wp-json\/wp\/v2\/users\/1"}],"replies":[{"embeddable":true,"href":"https:\/\/chieishii.de\/en\/wp-json\/wp\/v2\/comments?post=132"}],"version-history":[{"count":4,"href":"https:\/\/chieishii.de\/en\/wp-json\/wp\/v2\/pages\/132\/revisions"}],"predecessor-version":[{"id":303,"href":"https:\/\/chieishii.de\/en\/wp-json\/wp\/v2\/pages\/132\/revisions\/303"}],"wp:attachment":[{"href":"https:\/\/chieishii.de\/en\/wp-json\/wp\/v2\/media?parent=132"}],"curies":[{"name":"wp","href":"https:\/\/api.w.org\/{rel}","templated":true}]}}