{"id":93,"date":"2019-05-13T23:51:05","date_gmt":"2019-05-13T23:51:05","guid":{"rendered":"http:\/\/chieishii.de\/?page_id=93"},"modified":"2024-01-14T11:54:54","modified_gmt":"2024-01-14T11:54:54","slug":"unterricht","status":"publish","type":"page","link":"https:\/\/chieishii.de\/de\/unterricht\/","title":{"rendered":"Unterricht"},"content":{"rendered":"\t\t<div data-elementor-type=\"wp-post\" data-elementor-id=\"93\" class=\"elementor elementor-93\">\n\t\t\t\t\t\t\t\t\t<section class=\"elementor-section elementor-top-section elementor-element elementor-element-dab48c9 elementor-section-boxed elementor-section-height-default elementor-section-height-default\" data-id=\"dab48c9\" data-element_type=\"section\">\n\t\t\t\t\t\t<div class=\"elementor-container elementor-column-gap-default\">\n\t\t\t\t\t<div class=\"elementor-column elementor-col-100 elementor-top-column elementor-element elementor-element-4ef672f\" data-id=\"4ef672f\" data-element_type=\"column\">\n\t\t\t<div class=\"elementor-widget-wrap elementor-element-populated\">\n\t\t\t\t\t\t\t\t<div class=\"elementor-element elementor-element-ef6c42f elementor-widget elementor-widget-heading\" data-id=\"ef6c42f\" data-element_type=\"widget\" data-widget_type=\"heading.default\">\n\t\t\t\t<div class=\"elementor-widget-container\">\n\t\t\t<h2 class=\"elementor-heading-title elementor-size-default\">Unterricht<\/h2>\t\t<\/div>\n\t\t\t\t<\/div>\n\t\t\t\t<div class=\"elementor-element elementor-element-3bed6a1 elementor-widget elementor-widget-text-editor\" data-id=\"3bed6a1\" data-element_type=\"widget\" data-widget_type=\"text-editor.default\">\n\t\t\t\t<div class=\"elementor-widget-container\">\n\t\t\t\t\t\t\t<p><a href=\"http:\/\/chieishii.de\/meine-haende-3\/\" rel=\"attachment wp-att-158\"><img decoding=\"async\" class=\"alignright wp-image-306 size-full\" src=\"http:\/\/chieishii.de\/wp-content\/uploads\/2021\/08\/Meine-H\u00e4nde-3.jpg\" alt=\"\" width=\"300\" height=\"159\" \/><\/a>Sie k\u00f6nnen bei Chie Ishii auch Klavierspielen lernen, denn Chie Ishii ist auch eine erfahrene und sehr leidenschaftliche Klavierp\u00e4dagogin mit eigenem Klavierlehrbuch &#8222;Basisbuch Klavier&#8220;.<\/p><p>1986 war Chie Ishii die Direktorin der YAMAHA Musik Schule in Fort Smith, in Arkansas (USA). Dort war sie speziell trainiert f\u00fcr die Fr\u00fcherziehung der Kinder im Alter von 4 &#8211; 6 Jahren.<\/p><p>Chie Ishii unterrichtet alle Altersgruppen und Leistungsstufen. Erwachsene Anf\u00e4nger sind auch herzlich willkommen.<\/p><p>Chie Ishii hat sehr viel Spa\u00df daran, anderen Menschen ihre eigene Freude und Leidenschaft am Klavierspielen mitzuteilen und zu vermitteln.<\/p><p>Bei Anf\u00e4ngern legt Chie Ishii Wert darauf, dass ihre Sch\u00fclerinnen und Sch\u00fcler die Basis der Musik und des Musizierens lernen, welche f\u00fcr alle Musikrichtungen und alle Instrumente gelten.<\/p><p>Bei Fortgeschrittenen geht Chie Ishii auf die individuellen W\u00fcnsche und Bed\u00fcrfnisse der zu Unterrichtenden ein.<\/p><p>Die L\u00e4nge der einzelnen Klavierstunden und auch die H\u00e4ufigkeit des Unterrichtes werden nach dem pers\u00f6nlichen Gespr\u00e4ch individuell vereinbart.<\/p><p>F\u00fcr weitere Fragen und \u00fcber die Preise informieren Sie sich bitte direkt bei Chie Ishii per Telefon, Fax oder Email, oder f\u00fcllen Sie einfach das Kontaktformular aus.<\/p><p>Chie Ishii wird sich daraufhin umgehend bei Ihnen melden.<\/p>\t\t\t\t\t\t<\/div>\n\t\t\t\t<\/div>\n\t\t\t\t\t<\/div>\n\t\t<\/div>\n\t\t\t\t\t\t\t<\/div>\n\t\t<\/section>\n\t\t\t\t<section class=\"elementor-section elementor-top-section elementor-element elementor-element-1554749 elementor-section-boxed elementor-section-height-default elementor-section-height-default\" data-id=\"1554749\" data-element_type=\"section\">\n\t\t\t\t\t\t<div class=\"elementor-container elementor-column-gap-default\">\n\t\t\t\t\t<div class=\"elementor-column elementor-col-100 elementor-top-column elementor-element elementor-element-d87114f\" data-id=\"d87114f\" data-element_type=\"column\">\n\t\t\t<div class=\"elementor-widget-wrap elementor-element-populated\">\n\t\t\t\t\t\t\t\t<div class=\"elementor-element elementor-element-bd73f2e elementor-widget elementor-widget-text-editor\" data-id=\"bd73f2e\" data-element_type=\"widget\" data-widget_type=\"text-editor.default\">\n\t\t\t\t<div class=\"elementor-widget-container\">\n\t\t\t\t\t\t\t<div class=\"row\"><div class=\"col-md-6\"><p>F\u00fcr Anf\u00e4nger verwendet Chie Ishii ihr eigenes Lehrmaterial: \u201eBasisbuch Klavier\u201c und \u201e20 Kleine Konzertst\u00fccke\u201c. Sie sind in der Seite\u00a0<a href=\"http:\/\/www.chieishii.de\/buecher\">B\u00fccher<\/a> zu finden<\/p><\/div><div class=\"col-md-3\"><a href=\"https:\/\/chieishii.de\/basisbuch_klavier-2\/\" rel=\"attachment wp-att-159\"><img fetchpriority=\"high\" decoding=\"async\" class=\"alignright wp-image-159 size-full\" src=\"http:\/\/chieishii.de\/wp-content\/uploads\/2019\/06\/basisbuch_klavier.jpg\" alt=\"\" width=\"195\" height=\"274\" \/><\/a><\/div><div class=\"col-md-3\"><a href=\"https:\/\/chieishii.de\/buecher\/20_kleine_konzertstuecke\/\" rel=\"attachment wp-att-137\"><img decoding=\"async\" class=\"alignright wp-image-137 size-full\" src=\"http:\/\/chieishii.de\/wp-content\/uploads\/2019\/06\/20_kleine_konzertstuecke.jpg\" alt=\"\" width=\"195\" height=\"276\" \/><\/a><\/div><\/div>\t\t\t\t\t\t<\/div>\n\t\t\t\t<\/div>\n\t\t\t\t\t<\/div>\n\t\t<\/div>\n\t\t\t\t\t\t\t<\/div>\n\t\t<\/section>\n\t\t\t\t\t\t\t<\/div>\n\t\t","protected":false},"excerpt":{"rendered":"<p>Unterricht Sie k\u00f6nnen bei Chie Ishii auch Klavierspielen lernen, denn Chie Ishii ist auch eine erfahrene und sehr leidenschaftliche Klavierp\u00e4dagogin mit eigenem Klavierlehrbuch &#8222;Basisbuch Klavier&#8220;. 1986 war Chie Ishii die Direktorin der YAMAHA Musik Schule in Fort Smith, in Arkansas (USA). Dort war sie speziell trainiert f\u00fcr die Fr\u00fcherziehung der Kinder im Alter von 4 [&hellip;]<\/p>\n","protected":false},"author":1,"featured_media":0,"parent":0,"menu_order":0,"comment_status":"closed","ping_status":"closed","template":"elementor_header_footer","meta":{"footnotes":""},"_links":{"self":[{"href":"https:\/\/chieishii.de\/de\/wp-json\/wp\/v2\/pages\/93"}],"collection":[{"href":"https:\/\/chieishii.de\/de\/wp-json\/wp\/v2\/pages"}],"about":[{"href":"https:\/\/chieishii.de\/de\/wp-json\/wp\/v2\/types\/page"}],"author":[{"embeddable":true,"href":"https:\/\/chieishii.de\/de\/wp-json\/wp\/v2\/users\/1"}],"replies":[{"embeddable":true,"href":"https:\/\/chieishii.de\/de\/wp-json\/wp\/v2\/comments?post=93"}],"version-history":[{"count":8,"href":"https:\/\/chieishii.de\/de\/wp-json\/wp\/v2\/pages\/93\/revisions"}],"predecessor-version":[{"id":399,"href":"https:\/\/chieishii.de\/de\/wp-json\/wp\/v2\/pages\/93\/revisions\/399"}],"wp:attachment":[{"href":"https:\/\/chieishii.de\/de\/wp-json\/wp\/v2\/media?parent=93"}],"curies":[{"name":"wp","href":"https:\/\/api.w.org\/{rel}","templated":true}]}}