{"id":92,"date":"2019-05-13T23:51:05","date_gmt":"2019-05-13T23:51:05","guid":{"rendered":"http:\/\/chieishii.de\/?page_id=92"},"modified":"2021-08-03T07:33:36","modified_gmt":"2021-08-03T07:33:36","slug":"programm","status":"publish","type":"page","link":"https:\/\/chieishii.de\/de\/programm\/","title":{"rendered":"Programm"},"content":{"rendered":"\t\t<div data-elementor-type=\"wp-post\" data-elementor-id=\"92\" class=\"elementor elementor-92\">\n\t\t\t\t\t\t\t\t\t<section class=\"elementor-section elementor-top-section elementor-element elementor-element-3dcd1d4 elementor-section-boxed elementor-section-height-default elementor-section-height-default\" data-id=\"3dcd1d4\" data-element_type=\"section\">\n\t\t\t\t\t\t<div class=\"elementor-container elementor-column-gap-default\">\n\t\t\t\t\t<div class=\"elementor-column elementor-col-100 elementor-top-column elementor-element elementor-element-7d2c107\" data-id=\"7d2c107\" data-element_type=\"column\">\n\t\t\t<div class=\"elementor-widget-wrap elementor-element-populated\">\n\t\t\t\t\t\t\t\t<div class=\"elementor-element elementor-element-6a9ada5 elementor-widget elementor-widget-heading\" data-id=\"6a9ada5\" data-element_type=\"widget\" data-widget_type=\"heading.default\">\n\t\t\t\t<div class=\"elementor-widget-container\">\n\t\t\t<h2 class=\"elementor-heading-title elementor-size-default\">Programm - \"Berlin Affair\"\n<\/h2>\t\t<\/div>\n\t\t\t\t<\/div>\n\t\t\t\t<div class=\"elementor-element elementor-element-1485eae elementor-widget elementor-widget-text-editor\" data-id=\"1485eae\" data-element_type=\"widget\" data-widget_type=\"text-editor.default\">\n\t\t\t\t<div class=\"elementor-widget-container\">\n\t\t\t\t\t\t\t<p><a href=\"http:\/\/chieishii.de\/meine-haende-2\/\" rel=\"attachment wp-att-154\"><img fetchpriority=\"high\" decoding=\"async\" class=\"alignright wp-image-305 size-medium\" src=\"http:\/\/chieishii.de\/wp-content\/uploads\/2021\/08\/Meine-H\u00e4nde-2-300x200.jpg\" alt=\"\" width=\"300\" height=\"200\" srcset=\"https:\/\/chieishii.de\/wp-content\/uploads\/2021\/08\/Meine-H\u00e4nde-2-300x200.jpg 300w, https:\/\/chieishii.de\/wp-content\/uploads\/2021\/08\/Meine-H\u00e4nde-2-768x513.jpg 768w, https:\/\/chieishii.de\/wp-content\/uploads\/2021\/08\/Meine-H\u00e4nde-2-1024x684.jpg 1024w\" sizes=\"(max-width: 300px) 100vw, 300px\" \/><\/a>&#8222;Berlin Affair&#8220;, so nennt Chie Ishii ihr Klavier Soloprogramm. Es ist kein herk\u00f6mmliches Klavierkonzert der klassischen Musik. Es ist ein Programm der &#8222;unterhaltenden Klassik&#8220;, welches Chie Ishii mit ihrer ganz pers\u00f6nlichen Moderation pr\u00e4sentiert. Es ist ein Klavierprogramm nicht nur f\u00fcr Klassikfans.<\/p><p>Chie Ishii pr\u00e4sentiert in diesem Programm bekannte und beliebte Werke unterschiedlicher gro\u00dfer Komponisten, vor allem die Werke Fr\u00e9d\u00e9ric Chopins, sowie ihre zahlreichen eigenen, sehr harmonischen und melodischen Kompositionen.<\/p><p>Chie Ishii\u00b4s Kompositionen dauern durchschnittlich 3,5 Minuten und tragen die Titel wie z. B. &#8222;Ein Tag mit Dir&#8220;, &#8222;F\u00fcr Mutter&#8220;, &#8222;Fr\u00fchst\u00fcck zu zweit&#8220;, &#8222;Sehnsucht&#8220;, &#8222;Ich denke an Dich&#8220;, usw&#8230;<\/p><p>Chie Ishii\u00b4s Moderation ist sehr pers\u00f6nlich und sehr locker. Sie erz\u00e4hlt kleine Anekdoten der Komponisten oder der Kompositionen, die sie pr\u00e4sentiert und sie erz\u00e4hlt auch ihre ganz pers\u00f6nlichen Geschichten oder Erfahrungen.<\/p><p>Chie Ishii\u00b4s Moderation ist au\u00dfer in Deutsch auch in Englisch und Japanisch m\u00f6glich.<\/p><p>Chie Ishii\u00b4s B\u00fchnenkleider sind modern, individuell und originell.<\/p><p>Chie Ishii ben\u00f6tigt f\u00fcr ihr Programm einen gestimmten Fl\u00fcgel (ggf. einen elektrischen Fl\u00fcgel), mit verstellbarer Klavierbank und eine einfache Mikrofonanlage f\u00fcr ihre Moderation.<\/p><p>Chie Ishii spielt auch sehr gern f\u00fcr kleine Gesellschaften und gibt auch Privatkonzerte.<\/p><p>Das Programm &#8222;Berlin Affair&#8220; ist auch als Programm f\u00fcr fast alle Veranstaltungen geeignet.<\/p>\t\t\t\t\t\t<\/div>\n\t\t\t\t<\/div>\n\t\t\t\t<div class=\"elementor-element elementor-element-7c3eb02 elementor-widget elementor-widget-heading\" data-id=\"7c3eb02\" data-element_type=\"widget\" data-widget_type=\"heading.default\">\n\t\t\t\t<div class=\"elementor-widget-container\">\n\t\t\t<h2 class=\"elementor-heading-title elementor-size-default\">Programm - \"Heinz Erhardt mal klassisch\"<\/h2>\t\t<\/div>\n\t\t\t\t<\/div>\n\t\t\t\t<div class=\"elementor-element elementor-element-147aa64 elementor-widget elementor-widget-text-editor\" data-id=\"147aa64\" data-element_type=\"widget\" data-widget_type=\"text-editor.default\">\n\t\t\t\t<div class=\"elementor-widget-container\">\n\t\t\t\t\t\t\t<p><a href=\"http:\/\/wordpress.chieishii.com\/?attachment_id=155\" rel=\"attachment wp-att-155\"><img decoding=\"async\" class=\"alignleft size-full wp-image-155\" src=\"http:\/\/wordpress.chieishii.com\/wp-content\/uploads\/2019\/06\/heinz_program.jpg\" alt=\"\" width=\"210\" height=\"212\" srcset=\"https:\/\/chieishii.de\/wp-content\/uploads\/2019\/06\/heinz_program.jpg 210w, https:\/\/chieishii.de\/wp-content\/uploads\/2019\/06\/heinz_program-150x150.jpg 150w\" sizes=\"(max-width: 210px) 100vw, 210px\" \/><\/a>ist ein B\u00fchnenprogramm mit sensationellen klassischen Klavierkompositionen, dazu passenden Gedichten und der Lebensgeschichte von Heinz Erhardt.<\/p><p>Durch das Programm f\u00fchrt Chie Ishii mit ihrer ganz pers\u00f6nlichen Moderation. Dabei erz\u00e4hlt sie auf charmante Weise die Lebensgeschichte von Heinz Erhardt und private, bis jetzt unbekannt gebliebene Anekdoten. Zu jedem St\u00fcck tr\u00e4gt sie ein passendes Gedicht ohne Vorlage vor, und dabei bringt sie auch kleine kabarettistische Darbietungen. Es ist ein sehr unterhaltsames und abwechslungsreiches B\u00fchnen-Programm mit hohem Niveau f\u00fcr alle Musikfans und Theaterg\u00e4nger. Es ist sowohl f\u00fcr Heinz Erhardts\u2019 Fans, die noch nie beim Klavierkonzert waren, als auch f\u00fcr Erhard-Neulinge gleicherma\u00dfen ein absolutes Highlight.<\/p><p>Kommentar der Kinder von Heinz Erhardt zu diesem Programm: &#8222;Wir, die Heinz Erhardt-Kinder hatten das gro\u00dfe Gl\u00fcck dabei zu sein, als Chie Ishii in der Berliner Philharmonie ihren gro\u00dfen Heinz Erhardt-Abend pr\u00e4sentierte. Das Programm war gro\u00dfartig! Standing Ovation war der beste Beweis, dass dieses Programm einfach spitze ist&#8220;.<\/p><p>Einige Ausz\u00fcge von Chies&#8216; Programm \u201eHeinz Erhardt mal klassisch\u201c stehen im\u00a0<a href=\"https:\/\/www.youtube.com\/channel\/UCJvQoGapzsYfduD1hZ9dG0g\/feed\" target=\"_blank\" rel=\"noopener\">YouTube-Kanal<\/a>\u00a0zur Verf\u00fcgung. Hier sind zwei Beispiele.<\/p>\t\t\t\t\t\t<\/div>\n\t\t\t\t<\/div>\n\t\t\t\t<section class=\"elementor-section elementor-inner-section elementor-element elementor-element-7f79d69 elementor-section-boxed elementor-section-height-default elementor-section-height-default\" data-id=\"7f79d69\" data-element_type=\"section\">\n\t\t\t\t\t\t<div class=\"elementor-container elementor-column-gap-default\">\n\t\t\t\t\t<div class=\"elementor-column elementor-col-50 elementor-inner-column elementor-element elementor-element-3904fcf\" data-id=\"3904fcf\" data-element_type=\"column\">\n\t\t\t<div class=\"elementor-widget-wrap elementor-element-populated\">\n\t\t\t\t\t\t\t\t<div class=\"elementor-element elementor-element-c6a9238 elementor-widget elementor-widget-video\" data-id=\"c6a9238\" data-element_type=\"widget\" data-settings=\"{&quot;youtube_url&quot;:&quot;https:\\\/\\\/youtu.be\\\/kYH5Va1OTCk&quot;,&quot;modestbranding&quot;:&quot;yes&quot;,&quot;video_type&quot;:&quot;youtube&quot;,&quot;controls&quot;:&quot;yes&quot;}\" data-widget_type=\"video.default\">\n\t\t\t\t<div class=\"elementor-widget-container\">\n\t\t\t\t\t<div class=\"elementor-wrapper elementor-open-inline\">\n\t\t\t<div class=\"elementor-video\"><\/div>\t\t<\/div>\n\t\t\t\t<\/div>\n\t\t\t\t<\/div>\n\t\t\t\t\t<\/div>\n\t\t<\/div>\n\t\t\t\t<div class=\"elementor-column elementor-col-50 elementor-inner-column elementor-element elementor-element-3e0e8ef\" data-id=\"3e0e8ef\" data-element_type=\"column\">\n\t\t\t<div class=\"elementor-widget-wrap elementor-element-populated\">\n\t\t\t\t\t\t\t\t<div class=\"elementor-element elementor-element-a01f24b elementor-widget elementor-widget-video\" data-id=\"a01f24b\" data-element_type=\"widget\" data-settings=\"{&quot;youtube_url&quot;:&quot;https:\\\/\\\/www.youtube.com\\\/watch?v=WkFB6PdoocE&quot;,&quot;modestbranding&quot;:&quot;yes&quot;,&quot;video_type&quot;:&quot;youtube&quot;,&quot;controls&quot;:&quot;yes&quot;}\" data-widget_type=\"video.default\">\n\t\t\t\t<div class=\"elementor-widget-container\">\n\t\t\t\t\t<div class=\"elementor-wrapper elementor-open-inline\">\n\t\t\t<div class=\"elementor-video\"><\/div>\t\t<\/div>\n\t\t\t\t<\/div>\n\t\t\t\t<\/div>\n\t\t\t\t\t<\/div>\n\t\t<\/div>\n\t\t\t\t\t\t\t<\/div>\n\t\t<\/section>\n\t\t\t\t\t<\/div>\n\t\t<\/div>\n\t\t\t\t\t\t\t<\/div>\n\t\t<\/section>\n\t\t\t\t\t\t\t<\/div>\n\t\t","protected":false},"excerpt":{"rendered":"<p>Programm &#8211; &#8222;Berlin Affair&#8220; &#8222;Berlin Affair&#8220;, so nennt Chie Ishii ihr Klavier Soloprogramm. Es ist kein herk\u00f6mmliches Klavierkonzert der klassischen Musik. Es ist ein Programm der &#8222;unterhaltenden Klassik&#8220;, welches Chie Ishii mit ihrer ganz pers\u00f6nlichen Moderation pr\u00e4sentiert. Es ist ein Klavierprogramm nicht nur f\u00fcr Klassikfans. Chie Ishii pr\u00e4sentiert in diesem Programm bekannte und beliebte Werke [&hellip;]<\/p>\n","protected":false},"author":1,"featured_media":0,"parent":0,"menu_order":0,"comment_status":"closed","ping_status":"closed","template":"elementor_header_footer","meta":{"footnotes":""},"_links":{"self":[{"href":"https:\/\/chieishii.de\/de\/wp-json\/wp\/v2\/pages\/92"}],"collection":[{"href":"https:\/\/chieishii.de\/de\/wp-json\/wp\/v2\/pages"}],"about":[{"href":"https:\/\/chieishii.de\/de\/wp-json\/wp\/v2\/types\/page"}],"author":[{"embeddable":true,"href":"https:\/\/chieishii.de\/de\/wp-json\/wp\/v2\/users\/1"}],"replies":[{"embeddable":true,"href":"https:\/\/chieishii.de\/de\/wp-json\/wp\/v2\/comments?post=92"}],"version-history":[{"count":4,"href":"https:\/\/chieishii.de\/de\/wp-json\/wp\/v2\/pages\/92\/revisions"}],"predecessor-version":[{"id":309,"href":"https:\/\/chieishii.de\/de\/wp-json\/wp\/v2\/pages\/92\/revisions\/309"}],"wp:attachment":[{"href":"https:\/\/chieishii.de\/de\/wp-json\/wp\/v2\/media?parent=92"}],"curies":[{"name":"wp","href":"https:\/\/api.w.org\/{rel}","templated":true}]}}