{"id":15,"date":"2019-05-13T18:55:27","date_gmt":"2019-05-13T18:55:27","guid":{"rendered":"http:\/\/chieishii.de\/?page_id=15"},"modified":"2024-01-14T11:56:54","modified_gmt":"2024-01-14T11:56:54","slug":"startseite","status":"publish","type":"page","link":"https:\/\/chieishii.de\/de\/","title":{"rendered":"Startseite"},"content":{"rendered":"\t\t<div data-elementor-type=\"wp-post\" data-elementor-id=\"15\" class=\"elementor elementor-15\">\n\t\t\t\t\t\t\t\t\t<section class=\"elementor-section elementor-top-section elementor-element elementor-element-e25cf06 elementor-section-boxed elementor-section-height-default elementor-section-height-default\" data-id=\"e25cf06\" data-element_type=\"section\">\n\t\t\t\t\t\t<div class=\"elementor-container elementor-column-gap-default\">\n\t\t\t\t\t<div class=\"elementor-column elementor-col-100 elementor-top-column elementor-element elementor-element-d9c6d4c\" data-id=\"d9c6d4c\" data-element_type=\"column\">\n\t\t\t<div class=\"elementor-widget-wrap elementor-element-populated\">\n\t\t\t\t\t\t\t\t<div class=\"elementor-element elementor-element-0788387 elementor-widget elementor-widget-heading\" data-id=\"0788387\" data-element_type=\"widget\" data-widget_type=\"heading.default\">\n\t\t\t\t<div class=\"elementor-widget-container\">\n\t\t\t<h2 class=\"elementor-heading-title elementor-size-default\">Chie Ishii<\/h2>\t\t<\/div>\n\t\t\t\t<\/div>\n\t\t\t\t\t<\/div>\n\t\t<\/div>\n\t\t\t\t\t\t\t<\/div>\n\t\t<\/section>\n\t\t\t\t<section class=\"elementor-section elementor-top-section elementor-element elementor-element-a1bdf4d elementor-section-boxed elementor-section-height-default elementor-section-height-default\" data-id=\"a1bdf4d\" data-element_type=\"section\">\n\t\t\t\t\t\t<div class=\"elementor-container elementor-column-gap-default\">\n\t\t\t\t\t<div class=\"elementor-column elementor-col-100 elementor-top-column elementor-element elementor-element-5cc7f9d\" data-id=\"5cc7f9d\" data-element_type=\"column\">\n\t\t\t<div class=\"elementor-widget-wrap elementor-element-populated\">\n\t\t\t\t\t\t\t\t<div class=\"elementor-element elementor-element-28e73dc elementor-widget elementor-widget-image\" data-id=\"28e73dc\" data-element_type=\"widget\" data-widget_type=\"image.default\">\n\t\t\t\t<div class=\"elementor-widget-container\">\n\t\t\t\t\t\t\t\t\t\t\t\t\t\t\t<img fetchpriority=\"high\" decoding=\"async\" width=\"1024\" height=\"291\" src=\"https:\/\/chieishii.de\/wp-content\/uploads\/2019\/05\/new_home-1024x291.jpg\" class=\"attachment-large size-large wp-image-17\" alt=\"\" srcset=\"https:\/\/chieishii.de\/wp-content\/uploads\/2019\/05\/new_home-1024x291.jpg 1024w, https:\/\/chieishii.de\/wp-content\/uploads\/2019\/05\/new_home-300x85.jpg 300w, https:\/\/chieishii.de\/wp-content\/uploads\/2019\/05\/new_home-768x218.jpg 768w, https:\/\/chieishii.de\/wp-content\/uploads\/2019\/05\/new_home.jpg 1170w\" sizes=\"(max-width: 1024px) 100vw, 1024px\" \/>\t\t\t\t\t\t\t\t\t\t\t\t\t\t\t<\/div>\n\t\t\t\t<\/div>\n\t\t\t\t<div class=\"elementor-element elementor-element-6c66aec elementor-shape-rounded elementor-grid-0 e-grid-align-center elementor-widget elementor-widget-social-icons\" data-id=\"6c66aec\" data-element_type=\"widget\" data-widget_type=\"social-icons.default\">\n\t\t\t\t<div class=\"elementor-widget-container\">\n\t\t\t\t\t<div class=\"elementor-social-icons-wrapper elementor-grid\">\n\t\t\t\t\t\t\t<span class=\"elementor-grid-item\">\n\t\t\t\t\t<a class=\"elementor-icon elementor-social-icon elementor-social-icon-facebook elementor-repeater-item-3e60cb8\" href=\"https:\/\/www.facebook.com\/pages\/Chie-Ishii\/613655412076438\" target=\"_blank\">\n\t\t\t\t\t\t<span class=\"elementor-screen-only\">Facebook<\/span>\n\t\t\t\t\t\t\t\t\t\t\t\t\t<i class=\"fa fa-facebook\"><\/i>\n\t\t\t\t\t\t\t\t\t\t\t<\/a>\n\t\t\t\t<\/span>\n\t\t\t\t\t\t\t<span class=\"elementor-grid-item\">\n\t\t\t\t\t<a class=\"elementor-icon elementor-social-icon elementor-social-icon-youtube elementor-repeater-item-80e5ffa\" href=\"https:\/\/www.youtube.com\/channel\/UCJvQoGapzsYfduD1hZ9dG0g\/feed\" target=\"_blank\">\n\t\t\t\t\t\t<span class=\"elementor-screen-only\">Youtube<\/span>\n\t\t\t\t\t\t\t\t\t\t\t\t\t<i class=\"fa fa-youtube\"><\/i>\n\t\t\t\t\t\t\t\t\t\t\t<\/a>\n\t\t\t\t<\/span>\n\t\t\t\t\t\t\t<span class=\"elementor-grid-item\">\n\t\t\t\t\t<a class=\"elementor-icon elementor-social-icon elementor-social-icon-soundcloud elementor-repeater-item-ec46d6a\" href=\"https:\/\/soundcloud.com\/chieishii\" target=\"_blank\">\n\t\t\t\t\t\t<span class=\"elementor-screen-only\">Soundcloud<\/span>\n\t\t\t\t\t\t\t\t\t\t\t\t\t<i class=\"fa fa-soundcloud\"><\/i>\n\t\t\t\t\t\t\t\t\t\t\t<\/a>\n\t\t\t\t<\/span>\n\t\t\t\t\t\t\t<span class=\"elementor-grid-item\">\n\t\t\t\t\t<a class=\"elementor-icon elementor-social-icon elementor-social-icon-link elementor-repeater-item-ae6fbbb\" href=\"http:\/\/chieishii.bandcamp.com\/\" target=\"_blank\">\n\t\t\t\t\t\t<span class=\"elementor-screen-only\">Link<\/span>\n\t\t\t\t\t\t\t\t\t\t\t\t\t<i class=\"fa fa-link\"><\/i>\n\t\t\t\t\t\t\t\t\t\t\t<\/a>\n\t\t\t\t<\/span>\n\t\t\t\t\t<\/div>\n\t\t\t\t<\/div>\n\t\t\t\t<\/div>\n\t\t\t\t\t<\/div>\n\t\t<\/div>\n\t\t\t\t\t\t\t<\/div>\n\t\t<\/section>\n\t\t\t\t<section class=\"elementor-section elementor-top-section elementor-element elementor-element-53b78fb elementor-section-boxed elementor-section-height-default elementor-section-height-default\" data-id=\"53b78fb\" data-element_type=\"section\">\n\t\t\t\t\t\t<div class=\"elementor-container elementor-column-gap-default\">\n\t\t\t\t\t<div class=\"elementor-column elementor-col-66 elementor-top-column elementor-element elementor-element-ed03054\" data-id=\"ed03054\" data-element_type=\"column\">\n\t\t\t<div class=\"elementor-widget-wrap elementor-element-populated\">\n\t\t\t\t\t\t\t\t<div class=\"elementor-element elementor-element-dd476bd elementor-widget elementor-widget-text-editor\" data-id=\"dd476bd\" data-element_type=\"widget\" data-widget_type=\"text-editor.default\">\n\t\t\t\t<div class=\"elementor-widget-container\">\n\t\t\t\t\t\t\t<h2><a href=\"http:\/\/wordpress.chieishii.com\/musik\/\">Aufnahmen<\/a><\/h2><p>Eigene Kompositionen und sensible Interpretationen<\/p><p>&#8222;Berlin Affair 3&#8220; (2003) &#8211; Klavierkompositionen von Chie Ishii<br \/>&#8222;Berlin Affair 2&#8220; (1999) &#8211; Klavierkomposition von Fr\u00e9d\u00e9ric Chopin und Chie Ishii<br \/>&#8222;Berlin Affair&#8220; (1997) &#8211; Klavierkomposition von Fr\u00e9d\u00e9ric Chopin und Chie Ishii<br \/>u.s.w.<\/p>\t\t\t\t\t\t<\/div>\n\t\t\t\t<\/div>\n\t\t\t\t\t<\/div>\n\t\t<\/div>\n\t\t\t\t<div class=\"elementor-column elementor-col-33 elementor-top-column elementor-element elementor-element-6223b3f\" data-id=\"6223b3f\" data-element_type=\"column\">\n\t\t\t<div class=\"elementor-widget-wrap elementor-element-populated\">\n\t\t\t\t\t\t\t\t<div class=\"elementor-element elementor-element-f171aa6 elementor-widget elementor-widget-image\" data-id=\"f171aa6\" data-element_type=\"widget\" data-widget_type=\"image.default\">\n\t\t\t\t<div class=\"elementor-widget-container\">\n\t\t\t\t\t\t\t\t\t\t\t\t\t\t\t<img decoding=\"async\" width=\"400\" height=\"400\" src=\"https:\/\/chieishii.de\/wp-content\/uploads\/2019\/05\/cd_affair_3.jpg\" class=\"attachment-large size-large wp-image-23\" alt=\"\" srcset=\"https:\/\/chieishii.de\/wp-content\/uploads\/2019\/05\/cd_affair_3.jpg 400w, https:\/\/chieishii.de\/wp-content\/uploads\/2019\/05\/cd_affair_3-150x150.jpg 150w, https:\/\/chieishii.de\/wp-content\/uploads\/2019\/05\/cd_affair_3-300x300.jpg 300w\" sizes=\"(max-width: 400px) 100vw, 400px\" \/>\t\t\t\t\t\t\t\t\t\t\t\t\t\t\t<\/div>\n\t\t\t\t<\/div>\n\t\t\t\t\t<\/div>\n\t\t<\/div>\n\t\t\t\t\t\t\t<\/div>\n\t\t<\/section>\n\t\t\t\t<section class=\"elementor-section elementor-top-section elementor-element elementor-element-16f8304 elementor-section-boxed elementor-section-height-default elementor-section-height-default\" data-id=\"16f8304\" data-element_type=\"section\">\n\t\t\t\t\t\t<div class=\"elementor-container elementor-column-gap-default\">\n\t\t\t\t\t<div class=\"elementor-column elementor-col-100 elementor-top-column elementor-element elementor-element-ca14efd\" data-id=\"ca14efd\" data-element_type=\"column\">\n\t\t\t<div class=\"elementor-widget-wrap elementor-element-populated\">\n\t\t\t\t\t\t\t\t<div class=\"elementor-element elementor-element-aabc2ce elementor-widget elementor-widget-audio\" data-id=\"aabc2ce\" data-element_type=\"widget\" data-widget_type=\"audio.default\">\n\t\t\t\t<div class=\"elementor-widget-container\">\n\t\t\t\t\t\t<div class=\"elementor-soundcloud-wrapper\">\n\t\t\t\t<iframe width=\"1170\" height=\"200\" frameborder=\"no\" src=\"https:\/\/w.soundcloud.com\/player\/?visual=false&#038;url=https%3A%2F%2Fapi.soundcloud.com%2Ftracks%2F173472958&#038;show_artwork=false&#038;maxheight=1000&#038;maxwidth=1170&#038;auto_play=false&#038;buying=false&#038;liking=false&#038;download=true&#038;sharing=true&#038;show_comments=false&#038;show_playcount=true&#038;show_user=false&#038;color=494949\"><\/iframe>\t\t\t<\/div>\n\t\t\t\t\t<\/div>\n\t\t\t\t<\/div>\n\t\t\t\t\t<\/div>\n\t\t<\/div>\n\t\t\t\t\t\t\t<\/div>\n\t\t<\/section>\n\t\t\t\t<section class=\"elementor-section elementor-top-section elementor-element elementor-element-ea19d5e elementor-section-boxed elementor-section-height-default elementor-section-height-default\" data-id=\"ea19d5e\" data-element_type=\"section\">\n\t\t\t\t\t\t<div class=\"elementor-container elementor-column-gap-default\">\n\t\t\t\t\t<div class=\"elementor-column elementor-col-33 elementor-top-column elementor-element elementor-element-3d1dc77\" data-id=\"3d1dc77\" data-element_type=\"column\">\n\t\t\t<div class=\"elementor-widget-wrap elementor-element-populated\">\n\t\t\t\t\t\t\t\t<div class=\"elementor-element elementor-element-7638b84 elementor-widget elementor-widget-image\" data-id=\"7638b84\" data-element_type=\"widget\" data-widget_type=\"image.default\">\n\t\t\t\t<div class=\"elementor-widget-container\">\n\t\t\t\t\t\t\t\t\t\t\t\t\t\t\t<img decoding=\"async\" width=\"285\" height=\"400\" src=\"https:\/\/chieishii.de\/wp-content\/uploads\/2019\/05\/basisbuch_klavier.jpg\" class=\"attachment-large size-large wp-image-24\" alt=\"\" srcset=\"https:\/\/chieishii.de\/wp-content\/uploads\/2019\/05\/basisbuch_klavier.jpg 285w, https:\/\/chieishii.de\/wp-content\/uploads\/2019\/05\/basisbuch_klavier-214x300.jpg 214w\" sizes=\"(max-width: 285px) 100vw, 285px\" \/>\t\t\t\t\t\t\t\t\t\t\t\t\t\t\t<\/div>\n\t\t\t\t<\/div>\n\t\t\t\t\t<\/div>\n\t\t<\/div>\n\t\t\t\t<div class=\"elementor-column elementor-col-66 elementor-top-column elementor-element elementor-element-236a150\" data-id=\"236a150\" data-element_type=\"column\">\n\t\t\t<div class=\"elementor-widget-wrap elementor-element-populated\">\n\t\t\t\t\t\t\t\t<div class=\"elementor-element elementor-element-bc5948e elementor-widget elementor-widget-text-editor\" data-id=\"bc5948e\" data-element_type=\"widget\" data-widget_type=\"text-editor.default\">\n\t\t\t\t<div class=\"elementor-widget-container\">\n\t\t\t\t\t\t\t<h2><a href=\"http:\/\/wordpress.chieishii.com\/buecher\/\">Noten<\/a><\/h2><p>Eigene Kompositionen und Lehrb\u00fccher<\/p><p>Klavierschule \u2013 101 \u00dcbungst\u00fccke f\u00fcr diejenigen, die das Klavierspielen richtig lernen m\u00f6chten<br \/>Keyboard Schule \u2013 Neue Einsteiger-\u00adSchule f\u00fcr Keyboard<br \/>u.s.w.<\/p>\t\t\t\t\t\t<\/div>\n\t\t\t\t<\/div>\n\t\t\t\t\t<\/div>\n\t\t<\/div>\n\t\t\t\t\t\t\t<\/div>\n\t\t<\/section>\n\t\t\t\t<section class=\"elementor-section elementor-top-section elementor-element elementor-element-bdcdab4 elementor-section-boxed elementor-section-height-default elementor-section-height-default\" data-id=\"bdcdab4\" data-element_type=\"section\">\n\t\t\t\t\t\t<div class=\"elementor-container elementor-column-gap-default\">\n\t\t\t\t\t<div class=\"elementor-column elementor-col-100 elementor-top-column elementor-element elementor-element-ea9e549\" data-id=\"ea9e549\" data-element_type=\"column\">\n\t\t\t<div class=\"elementor-widget-wrap elementor-element-populated\">\n\t\t\t\t\t\t\t\t<div class=\"elementor-element elementor-element-d8833b1 elementor-widget elementor-widget-text-editor\" data-id=\"d8833b1\" data-element_type=\"widget\" data-widget_type=\"text-editor.default\">\n\t\t\t\t<div class=\"elementor-widget-container\">\n\t\t\t\t\t\t\t<h2><a href=\"https:\/\/chieishii.de\/startseite\/solo-program\/\"><img loading=\"lazy\" decoding=\"async\" class=\"alignright wp-image-26 size-full\" src=\"http:\/\/chieishii.de\/wp-content\/uploads\/2019\/05\/solo-program.jpg\" alt=\"Chie Ishii Foto am Klavier\" width=\"400\" height=\"279\" srcset=\"https:\/\/chieishii.de\/wp-content\/uploads\/2019\/05\/solo-program.jpg 400w, https:\/\/chieishii.de\/wp-content\/uploads\/2019\/05\/solo-program-300x209.jpg 300w\" sizes=\"(max-width: 400px) 100vw, 400px\" \/><\/a><a href=\"http:\/\/wordpress.chieishii.com\/programm\/\">Solo Programm<\/a><\/h2><p>&#8222;<strong>Berlin Affair<\/strong>&#8222;, ein unterhaltsames Klavierprogramm mit ihrer pers\u00f6nlichen Moderation<\/p><p>Mit bekannten und beliebten Klavierkompositionen von gro\u00dfen Meistern \u2013 vor allem deren Chopins \u2013 und ihren zahlreichen eigenen, sehr melodischen und harmonischen Kompositionen.<\/p><p><strong>&#8222;Heinz Erhardt mal klassisch&#8220; &#8211; Classic meets Humour<\/strong><\/p><p>Ein B\u00fchnenprogramm mit sensationellen klassischen Klavierkompositionen, dazu passenden Gedichten und der Lebensgeschichte von Heinz Erhardt.<\/p>\t\t\t\t\t\t<\/div>\n\t\t\t\t<\/div>\n\t\t\t\t\t<\/div>\n\t\t<\/div>\n\t\t\t\t\t\t\t<\/div>\n\t\t<\/section>\n\t\t\t\t\t\t\t<\/div>\n\t\t","protected":false},"excerpt":{"rendered":"<p>Chie Ishii Facebook Youtube Soundcloud Link Aufnahmen Eigene Kompositionen und sensible Interpretationen &#8222;Berlin Affair 3&#8220; (2003) &#8211; Klavierkompositionen von Chie Ishii&#8222;Berlin Affair 2&#8220; (1999) &#8211; Klavierkomposition von Fr\u00e9d\u00e9ric Chopin und Chie Ishii&#8222;Berlin Affair&#8220; (1997) &#8211; Klavierkomposition von Fr\u00e9d\u00e9ric Chopin und Chie Ishiiu.s.w. Noten Eigene Kompositionen und Lehrb\u00fccher Klavierschule \u2013 101 \u00dcbungst\u00fccke f\u00fcr diejenigen, die das [&hellip;]<\/p>\n","protected":false},"author":1,"featured_media":0,"parent":0,"menu_order":0,"comment_status":"closed","ping_status":"closed","template":"elementor_header_footer","meta":{"footnotes":""},"_links":{"self":[{"href":"https:\/\/chieishii.de\/de\/wp-json\/wp\/v2\/pages\/15"}],"collection":[{"href":"https:\/\/chieishii.de\/de\/wp-json\/wp\/v2\/pages"}],"about":[{"href":"https:\/\/chieishii.de\/de\/wp-json\/wp\/v2\/types\/page"}],"author":[{"embeddable":true,"href":"https:\/\/chieishii.de\/de\/wp-json\/wp\/v2\/users\/1"}],"replies":[{"embeddable":true,"href":"https:\/\/chieishii.de\/de\/wp-json\/wp\/v2\/comments?post=15"}],"version-history":[{"count":19,"href":"https:\/\/chieishii.de\/de\/wp-json\/wp\/v2\/pages\/15\/revisions"}],"predecessor-version":[{"id":402,"href":"https:\/\/chieishii.de\/de\/wp-json\/wp\/v2\/pages\/15\/revisions\/402"}],"wp:attachment":[{"href":"https:\/\/chieishii.de\/de\/wp-json\/wp\/v2\/media?parent=15"}],"curies":[{"name":"wp","href":"https:\/\/api.w.org\/{rel}","templated":true}]}}