{"id":132,"date":"2019-06-21T15:01:41","date_gmt":"2019-06-21T15:01:41","guid":{"rendered":"http:\/\/chieishii.de\/?page_id=132"},"modified":"2021-08-03T07:30:43","modified_gmt":"2021-08-03T07:30:43","slug":"buecher","status":"publish","type":"page","link":"https:\/\/chieishii.de\/de\/buecher\/","title":{"rendered":"B\u00fccher"},"content":{"rendered":"\t\t<div data-elementor-type=\"wp-post\" data-elementor-id=\"132\" class=\"elementor elementor-132\">\n\t\t\t\t\t\t\t\t\t<section class=\"elementor-section elementor-top-section elementor-element elementor-element-924400a elementor-section-boxed elementor-section-height-default elementor-section-height-default\" data-id=\"924400a\" data-element_type=\"section\">\n\t\t\t\t\t\t<div class=\"elementor-container elementor-column-gap-default\">\n\t\t\t\t\t<div class=\"elementor-column elementor-col-100 elementor-top-column elementor-element elementor-element-353cdcf\" data-id=\"353cdcf\" data-element_type=\"column\">\n\t\t\t<div class=\"elementor-widget-wrap elementor-element-populated\">\n\t\t\t\t\t\t\t\t<div class=\"elementor-element elementor-element-0f2db35 elementor-widget elementor-widget-heading\" data-id=\"0f2db35\" data-element_type=\"widget\" data-widget_type=\"heading.default\">\n\t\t\t\t<div class=\"elementor-widget-container\">\n\t\t\t<h2 class=\"elementor-heading-title elementor-size-default\">B\u00fccher<\/h2>\t\t<\/div>\n\t\t\t\t<\/div>\n\t\t\t\t<div class=\"elementor-element elementor-element-de15808 elementor-widget elementor-widget-text-editor\" data-id=\"de15808\" data-element_type=\"widget\" data-widget_type=\"text-editor.default\">\n\t\t\t\t<div class=\"elementor-widget-container\">\n\t\t\t\t\t\t\t<p>B\u00fccher f\u00fcr Klavier, Keyboard und E-Piano auf den Punkt gebracht!<\/p><p>Von der Schule f\u00fcr den Anfang, bis hin zur Sammlung von romantischen Kompositionen und zur Fundgrube f\u00fcr alle, die auf der Suche nach Melodien f\u00fcr ein Vorspiel oder einfach nach sch\u00f6ne St\u00fccken sind.<\/p><p>Mit Noten von &#8222;Heinz Erhardt &#8230;mal klassisch&#8220; und dem &#8222;Mia. Songbook&#8220; erg\u00e4nzt die Autorin ihre literarischen Werke.<\/p>\t\t\t\t\t\t<\/div>\n\t\t\t\t<\/div>\n\t\t\t\t\t<\/div>\n\t\t<\/div>\n\t\t\t\t\t\t\t<\/div>\n\t\t<\/section>\n\t\t\t\t<section class=\"elementor-section elementor-top-section elementor-element elementor-element-7495b54 elementor-section-boxed elementor-section-height-default elementor-section-height-default\" data-id=\"7495b54\" data-element_type=\"section\">\n\t\t\t\t\t\t<div class=\"elementor-container elementor-column-gap-default\">\n\t\t\t\t\t<div class=\"elementor-column elementor-col-100 elementor-top-column elementor-element elementor-element-5c17e1e\" data-id=\"5c17e1e\" data-element_type=\"column\">\n\t\t\t<div class=\"elementor-widget-wrap elementor-element-populated\">\n\t\t\t\t\t\t\t\t<section class=\"elementor-section elementor-inner-section elementor-element elementor-element-e1cfaf9 elementor-section-boxed elementor-section-height-default elementor-section-height-default\" data-id=\"e1cfaf9\" data-element_type=\"section\">\n\t\t\t\t\t\t<div class=\"elementor-container elementor-column-gap-default\">\n\t\t\t\t\t<div class=\"elementor-column elementor-col-33 elementor-inner-column elementor-element elementor-element-1426bb2\" data-id=\"1426bb2\" data-element_type=\"column\">\n\t\t\t<div class=\"elementor-widget-wrap elementor-element-populated\">\n\t\t\t\t\t\t\t\t<div class=\"elementor-element elementor-element-cc4e93a elementor-widget elementor-widget-image\" data-id=\"cc4e93a\" data-element_type=\"widget\" data-widget_type=\"image.default\">\n\t\t\t\t<div class=\"elementor-widget-container\">\n\t\t\t\t\t\t\t\t\t\t\t\t\t\t\t<img fetchpriority=\"high\" decoding=\"async\" width=\"191\" height=\"274\" src=\"https:\/\/chieishii.de\/wp-content\/uploads\/2019\/06\/piano.jpg\" class=\"attachment-large size-large wp-image-134\" alt=\"\" \/>\t\t\t\t\t\t\t\t\t\t\t\t\t\t\t<\/div>\n\t\t\t\t<\/div>\n\t\t\t\t\t<\/div>\n\t\t<\/div>\n\t\t\t\t<div class=\"elementor-column elementor-col-66 elementor-inner-column elementor-element elementor-element-0c6078f\" data-id=\"0c6078f\" data-element_type=\"column\">\n\t\t\t<div class=\"elementor-widget-wrap elementor-element-populated\">\n\t\t\t\t\t\t\t\t<div class=\"elementor-element elementor-element-75e5b0a elementor-widget elementor-widget-heading\" data-id=\"75e5b0a\" data-element_type=\"widget\" data-widget_type=\"heading.default\">\n\t\t\t\t<div class=\"elementor-widget-container\">\n\t\t\t<h4 class=\"elementor-heading-title elementor-size-default\">Piano - Die Erfolgsmethode aus Japan\n\n<\/h4>\t\t<\/div>\n\t\t\t\t<\/div>\n\t\t\t\t<div class=\"elementor-element elementor-element-672cb64 elementor-widget elementor-widget-text-editor\" data-id=\"672cb64\" data-element_type=\"widget\" data-widget_type=\"text-editor.default\">\n\t\t\t\t<div class=\"elementor-widget-container\">\n\t\t\t\t\t\t\t<p>ist die in der Fachpresse hochgelobte neue Klavierschule von Chie Ishii.<\/p><p>Alle Erkl\u00e4rungen sind sowohl in Deutsch als auch in Englisch.<\/p><ul><li>P\u00e4dagogisch erprobtes Lern- und Spielkonzept.<\/li><li>Erlernen der Grundlagen zum erfolgreichen Klavierspielen.<\/li><li>Zu allen \u00dcbungen gibt es Begleitungen als Gratis-Download.<\/li><li>F\u00fcr Unterricht und Selbststudium.<\/li><li>Bei Fragen ist der Kontakt zur Autorin m\u00f6glich.<\/li><\/ul><p><a href=\"http:\/\/chieishii.bandcamp.com\/\" target=\"_blank\" rel=\"noopener\">Jetzt kaufen<\/a><\/p>\t\t\t\t\t\t<\/div>\n\t\t\t\t<\/div>\n\t\t\t\t\t<\/div>\n\t\t<\/div>\n\t\t\t\t\t\t\t<\/div>\n\t\t<\/section>\n\t\t\t\t<section class=\"elementor-section elementor-inner-section elementor-element elementor-element-676a07d elementor-section-boxed elementor-section-height-default elementor-section-height-default\" data-id=\"676a07d\" data-element_type=\"section\">\n\t\t\t\t\t\t<div class=\"elementor-container elementor-column-gap-default\">\n\t\t\t\t\t<div class=\"elementor-column elementor-col-33 elementor-inner-column elementor-element elementor-element-c23e749\" data-id=\"c23e749\" data-element_type=\"column\">\n\t\t\t<div class=\"elementor-widget-wrap elementor-element-populated\">\n\t\t\t\t\t\t\t\t<div class=\"elementor-element elementor-element-7fde19b elementor-widget elementor-widget-image\" data-id=\"7fde19b\" data-element_type=\"widget\" data-widget_type=\"image.default\">\n\t\t\t\t<div class=\"elementor-widget-container\">\n\t\t\t\t\t\t\t\t\t\t\t\t\t\t\t<img decoding=\"async\" width=\"195\" height=\"274\" src=\"https:\/\/chieishii.de\/wp-content\/uploads\/2019\/06\/basisbuch_klavier_new.jpg\" class=\"attachment-large size-large wp-image-135\" alt=\"\" \/>\t\t\t\t\t\t\t\t\t\t\t\t\t\t\t<\/div>\n\t\t\t\t<\/div>\n\t\t\t\t\t<\/div>\n\t\t<\/div>\n\t\t\t\t<div class=\"elementor-column elementor-col-66 elementor-inner-column elementor-element elementor-element-77a6ab9\" data-id=\"77a6ab9\" data-element_type=\"column\">\n\t\t\t<div class=\"elementor-widget-wrap elementor-element-populated\">\n\t\t\t\t\t\t\t\t<div class=\"elementor-element elementor-element-aaa1834 elementor-widget elementor-widget-heading\" data-id=\"aaa1834\" data-element_type=\"widget\" data-widget_type=\"heading.default\">\n\t\t\t\t<div class=\"elementor-widget-container\">\n\t\t\t<h4 class=\"elementor-heading-title elementor-size-default\">Basisbuch Klavier<\/h4>\t\t<\/div>\n\t\t\t\t<\/div>\n\t\t\t\t<div class=\"elementor-element elementor-element-5d24450 elementor-widget elementor-widget-text-editor\" data-id=\"5d24450\" data-element_type=\"widget\" data-widget_type=\"text-editor.default\">\n\t\t\t\t<div class=\"elementor-widget-container\">\n\t\t\t\t\t\t\t<p>Basisbuch Klavier mit 101 \u00dcbungsst\u00fccken ist f\u00fcr alle, die das Klavier spielen richtig lernen wollen.<\/p><p>Mit dem &#8222;Basisbuch Klavier&#8220; hat Chie Ishii ein innovatives Konzept entwickelt, das Klavier spielen zu erlernen. Aus ihrer langj\u00e4hrigen Erfahrung als Pianistin und Klavierlehrerin ist ein praxisorientiertes Unterrichtswerk entstanden, das von Anfang an das gemeinsame Musizieren in den Mittelpunkt stellt.<\/p><p>Nach dem erfolgreichen Abschluss des Buches ist die solide Grundlage des Klavierspielens f\u00fcr die weitere Entwickelung als Pianist erworben.<\/p><p><u>Die Highlights des Buches:<\/u><\/p><ul><li>Alle \u00dcbungen mit Begleitung auf CD (99 Tracks)<\/li><li>Erkl\u00e4rungen von der wichtigen Basis der Musiktheorie<\/li><li>Abbildungen zu wichtigen Punkten wie: Sitz- und Handhaltung, Fingertechnik<\/li><li>Viele Solost\u00fccke und bekannte Melodien<\/li><li>Einf\u00fchrung zur Improvisation<\/li><\/ul><p><a href=\"https:\/\/www.amazon.de\/Basisbuch-Klavier-101-%C3%9Cbungen-Anfangsunterricht\/dp\/3868201130\" target=\"_blank\" rel=\"noopener\">Jetzt kaufen<\/a><\/p>\t\t\t\t\t\t<\/div>\n\t\t\t\t<\/div>\n\t\t\t\t\t<\/div>\n\t\t<\/div>\n\t\t\t\t\t\t\t<\/div>\n\t\t<\/section>\n\t\t\t\t<section class=\"elementor-section elementor-inner-section elementor-element elementor-element-90cd876 elementor-section-boxed elementor-section-height-default elementor-section-height-default\" data-id=\"90cd876\" data-element_type=\"section\">\n\t\t\t\t\t\t<div class=\"elementor-container elementor-column-gap-default\">\n\t\t\t\t\t<div class=\"elementor-column elementor-col-33 elementor-inner-column elementor-element elementor-element-ca8a224\" data-id=\"ca8a224\" data-element_type=\"column\">\n\t\t\t<div class=\"elementor-widget-wrap elementor-element-populated\">\n\t\t\t\t\t\t\t\t<div class=\"elementor-element elementor-element-6667827 elementor-widget elementor-widget-image\" data-id=\"6667827\" data-element_type=\"widget\" data-widget_type=\"image.default\">\n\t\t\t\t<div class=\"elementor-widget-container\">\n\t\t\t\t\t\t\t\t\t\t\t\t\t\t\t<img decoding=\"async\" width=\"195\" height=\"274\" src=\"https:\/\/chieishii.de\/wp-content\/uploads\/2019\/06\/an_die_tasten.jpg\" class=\"attachment-large size-large wp-image-136\" alt=\"\" \/>\t\t\t\t\t\t\t\t\t\t\t\t\t\t\t<\/div>\n\t\t\t\t<\/div>\n\t\t\t\t\t<\/div>\n\t\t<\/div>\n\t\t\t\t<div class=\"elementor-column elementor-col-66 elementor-inner-column elementor-element elementor-element-cd63aec\" data-id=\"cd63aec\" data-element_type=\"column\">\n\t\t\t<div class=\"elementor-widget-wrap elementor-element-populated\">\n\t\t\t\t\t\t\t\t<div class=\"elementor-element elementor-element-eb665c8 elementor-widget elementor-widget-heading\" data-id=\"eb665c8\" data-element_type=\"widget\" data-widget_type=\"heading.default\">\n\t\t\t\t<div class=\"elementor-widget-container\">\n\t\t\t<h4 class=\"elementor-heading-title elementor-size-default\">An die Tasten<\/h4>\t\t<\/div>\n\t\t\t\t<\/div>\n\t\t\t\t<div class=\"elementor-element elementor-element-a5de890 elementor-widget elementor-widget-text-editor\" data-id=\"a5de890\" data-element_type=\"widget\" data-widget_type=\"text-editor.default\">\n\t\t\t\t<div class=\"elementor-widget-container\">\n\t\t\t\t\t\t\t<p>An die Tasten ist DIE neue Einsteiger-Schule f\u00fcr Keyboard und E-Piano.<\/p><p>In dieser Schule wird das Wichtigste f\u00fcr Keyboard und E-Piano auf den Punkt gebracht!<\/p><p>An die Tasten vereint 2 Instrumente und erkl\u00e4rt f\u00fcr Anf\u00e4nger genauestens mit vielen Fotos, wundersch\u00f6nen Zeichnungen, vielen Tipps und \u00dcbungen mit bekannten Melodien die Grundlagen f\u00fcr beide Tasteninstrumente.<\/p><p><a href=\"http:\/\/chieishii.bandcamp.com\/\" target=\"_blank\" rel=\"noopener\">Jetzt kaufen<\/a><\/p>\t\t\t\t\t\t<\/div>\n\t\t\t\t<\/div>\n\t\t\t\t\t<\/div>\n\t\t<\/div>\n\t\t\t\t\t\t\t<\/div>\n\t\t<\/section>\n\t\t\t\t<section class=\"elementor-section elementor-inner-section elementor-element elementor-element-85fbf26 elementor-section-boxed elementor-section-height-default elementor-section-height-default\" data-id=\"85fbf26\" data-element_type=\"section\">\n\t\t\t\t\t\t<div class=\"elementor-container elementor-column-gap-default\">\n\t\t\t\t\t<div class=\"elementor-column elementor-col-33 elementor-inner-column elementor-element elementor-element-ba55625\" data-id=\"ba55625\" data-element_type=\"column\">\n\t\t\t<div class=\"elementor-widget-wrap elementor-element-populated\">\n\t\t\t\t\t\t\t\t<div class=\"elementor-element elementor-element-9528295 elementor-widget elementor-widget-image\" data-id=\"9528295\" data-element_type=\"widget\" data-widget_type=\"image.default\">\n\t\t\t\t<div class=\"elementor-widget-container\">\n\t\t\t\t\t\t\t\t\t\t\t\t\t\t\t<img loading=\"lazy\" decoding=\"async\" width=\"195\" height=\"276\" src=\"https:\/\/chieishii.de\/wp-content\/uploads\/2019\/06\/20_kleine_konzertstuecke.jpg\" class=\"attachment-large size-large wp-image-137\" alt=\"\" \/>\t\t\t\t\t\t\t\t\t\t\t\t\t\t\t<\/div>\n\t\t\t\t<\/div>\n\t\t\t\t\t<\/div>\n\t\t<\/div>\n\t\t\t\t<div class=\"elementor-column elementor-col-66 elementor-inner-column elementor-element elementor-element-a2e6931\" data-id=\"a2e6931\" data-element_type=\"column\">\n\t\t\t<div class=\"elementor-widget-wrap elementor-element-populated\">\n\t\t\t\t\t\t\t\t<div class=\"elementor-element elementor-element-736f3a8 elementor-widget elementor-widget-heading\" data-id=\"736f3a8\" data-element_type=\"widget\" data-widget_type=\"heading.default\">\n\t\t\t\t<div class=\"elementor-widget-container\">\n\t\t\t<h4 class=\"elementor-heading-title elementor-size-default\">20 Kleine Konzertst\u00fccke<\/h4>\t\t<\/div>\n\t\t\t\t<\/div>\n\t\t\t\t<div class=\"elementor-element elementor-element-d7e3e00 elementor-widget elementor-widget-text-editor\" data-id=\"d7e3e00\" data-element_type=\"widget\" data-widget_type=\"text-editor.default\">\n\t\t\t\t<div class=\"elementor-widget-container\">\n\t\t\t\t\t\t\t<p>ist eine wahre Fundgrube f\u00fcr alle, die auf der Suche nach St\u00fccken f\u00fcr ein Vorspiel sind oder einfach sch\u00f6ne St\u00fccke suchen, die auch auf leichtem technischen Niveau beindrucksvoll klingen.<\/p><p>Es ist als Erg\u00e4nzungsheft zum Basisbuch Klavier stark empfohlen, so dass man die Technik und Kenntnisse, die man im Basisbuch Klavier erworben hat, gleich hier verwenden kann.<\/p><p>Alle St\u00fccke auf CD (20 Tracks + 1 Bonus-Track mit der Komposition &#8222;Ich denke an Dich&#8220; von Chie Ishii.<\/p><ul><li>Original Werke von Bach und Beethoven (Barock und Klassik)<\/li><li>Arrangements von bekannten St\u00fccken (Romantik und Pop)<\/li><li>Neue Kompositionen von Chie Ishii<\/li><\/ul><p><a href=\"http:\/\/chieishii.bandcamp.com\/\" target=\"_blank\" rel=\"noopener\">Jetzt kaufen<\/a><\/p>\t\t\t\t\t\t<\/div>\n\t\t\t\t<\/div>\n\t\t\t\t\t<\/div>\n\t\t<\/div>\n\t\t\t\t\t\t\t<\/div>\n\t\t<\/section>\n\t\t\t\t<section class=\"elementor-section elementor-inner-section elementor-element elementor-element-de71fb6 elementor-section-boxed elementor-section-height-default elementor-section-height-default\" data-id=\"de71fb6\" data-element_type=\"section\">\n\t\t\t\t\t\t<div class=\"elementor-container elementor-column-gap-default\">\n\t\t\t\t\t<div class=\"elementor-column elementor-col-33 elementor-inner-column elementor-element elementor-element-e7d18a0\" data-id=\"e7d18a0\" data-element_type=\"column\">\n\t\t\t<div class=\"elementor-widget-wrap elementor-element-populated\">\n\t\t\t\t\t\t\t\t<div class=\"elementor-element elementor-element-1517d45 elementor-widget elementor-widget-image\" data-id=\"1517d45\" data-element_type=\"widget\" data-widget_type=\"image.default\">\n\t\t\t\t<div class=\"elementor-widget-container\">\n\t\t\t\t\t\t\t\t\t\t\t\t\t\t\t<img loading=\"lazy\" decoding=\"async\" width=\"195\" height=\"279\" src=\"https:\/\/chieishii.de\/wp-content\/uploads\/2019\/06\/christmas_on_earth.jpg\" class=\"attachment-large size-large wp-image-138\" alt=\"\" \/>\t\t\t\t\t\t\t\t\t\t\t\t\t\t\t<\/div>\n\t\t\t\t<\/div>\n\t\t\t\t\t<\/div>\n\t\t<\/div>\n\t\t\t\t<div class=\"elementor-column elementor-col-66 elementor-inner-column elementor-element elementor-element-381ed99\" data-id=\"381ed99\" data-element_type=\"column\">\n\t\t\t<div class=\"elementor-widget-wrap elementor-element-populated\">\n\t\t\t\t\t\t\t\t<div class=\"elementor-element elementor-element-636b969 elementor-widget elementor-widget-heading\" data-id=\"636b969\" data-element_type=\"widget\" data-widget_type=\"heading.default\">\n\t\t\t\t<div class=\"elementor-widget-container\">\n\t\t\t<h4 class=\"elementor-heading-title elementor-size-default\">Christmas on Earth<\/h4>\t\t<\/div>\n\t\t\t\t<\/div>\n\t\t\t\t<div class=\"elementor-element elementor-element-be8289c elementor-widget elementor-widget-text-editor\" data-id=\"be8289c\" data-element_type=\"widget\" data-widget_type=\"text-editor.default\">\n\t\t\t\t<div class=\"elementor-widget-container\">\n\t\t\t\t\t\t\t<p>beinhaltet 20 beliebte und bekannte Weihnachtslieder aus aller Welt f\u00fcr Klavier und Keyboard.<\/p><p>Die Klavierversionen sind komplett neue Arrangements von Chie Ishii, die sich hervorragend als Solost\u00fccke f\u00fcr die Weihnachtszeit verwenden lassen.<\/p><p>Die Spielversion f\u00fcr Keyboard enth\u00e4lt alle Harmonien und Fingers\u00e4tze sowie Sound- und Rhythmusvorschl\u00e4ge.<\/p><p>Ob Pianist oder Keyboarder, die sch\u00f6nste Zeit im Jahr kann mit Hilfe dieser Weihnachtslieder noch sch\u00f6ner werden.<\/p><p><a href=\"http:\/\/chieishii.bandcamp.com\/\" target=\"_blank\" rel=\"noopener\">Jetzt kaufen<\/a><\/p>\t\t\t\t\t\t<\/div>\n\t\t\t\t<\/div>\n\t\t\t\t\t<\/div>\n\t\t<\/div>\n\t\t\t\t\t\t\t<\/div>\n\t\t<\/section>\n\t\t\t\t<section class=\"elementor-section elementor-inner-section elementor-element elementor-element-b45708f elementor-section-boxed elementor-section-height-default elementor-section-height-default\" data-id=\"b45708f\" data-element_type=\"section\">\n\t\t\t\t\t\t<div class=\"elementor-container elementor-column-gap-default\">\n\t\t\t\t\t<div class=\"elementor-column elementor-col-33 elementor-inner-column elementor-element elementor-element-9d5e6f1\" data-id=\"9d5e6f1\" data-element_type=\"column\">\n\t\t\t<div class=\"elementor-widget-wrap elementor-element-populated\">\n\t\t\t\t\t\t\t\t<div class=\"elementor-element elementor-element-f34799b elementor-widget elementor-widget-image\" data-id=\"f34799b\" data-element_type=\"widget\" data-widget_type=\"image.default\">\n\t\t\t\t<div class=\"elementor-widget-container\">\n\t\t\t\t\t\t\t\t\t\t\t\t\t\t\t<img loading=\"lazy\" decoding=\"async\" width=\"195\" height=\"280\" src=\"https:\/\/chieishii.de\/wp-content\/uploads\/2019\/06\/ich_denke_an_dich.jpg\" class=\"attachment-large size-large wp-image-139\" alt=\"\" \/>\t\t\t\t\t\t\t\t\t\t\t\t\t\t\t<\/div>\n\t\t\t\t<\/div>\n\t\t\t\t\t<\/div>\n\t\t<\/div>\n\t\t\t\t<div class=\"elementor-column elementor-col-66 elementor-inner-column elementor-element elementor-element-15b6cef\" data-id=\"15b6cef\" data-element_type=\"column\">\n\t\t\t<div class=\"elementor-widget-wrap elementor-element-populated\">\n\t\t\t\t\t\t\t\t<div class=\"elementor-element elementor-element-1a5557f elementor-widget elementor-widget-heading\" data-id=\"1a5557f\" data-element_type=\"widget\" data-widget_type=\"heading.default\">\n\t\t\t\t<div class=\"elementor-widget-container\">\n\t\t\t<h4 class=\"elementor-heading-title elementor-size-default\">Ich denke an Dich<\/h4>\t\t<\/div>\n\t\t\t\t<\/div>\n\t\t\t\t<div class=\"elementor-element elementor-element-74e1f6f elementor-widget elementor-widget-text-editor\" data-id=\"74e1f6f\" data-element_type=\"widget\" data-widget_type=\"text-editor.default\">\n\t\t\t\t<div class=\"elementor-widget-container\">\n\t\t\t\t\t\t\t<p>Im Band enthaltene Kompositionen sind:<\/p><ul><li>Ich denke an Dich<\/li><li>Ein Tag mit Dir<\/li><li>Vater, wo bist Du?<\/li><li>In der gro\u00dfen Stadt<\/li><li>Der Neue Anfang<\/li><\/ul><p><a href=\"http:\/\/chieishii.bandcamp.com\/merch\/sheet-music-booklet-5-original-compositions-of-chie-ishii-2\" target=\"_blank\" rel=\"noopener\">Jetzt kaufen<\/a><\/p>\t\t\t\t\t\t<\/div>\n\t\t\t\t<\/div>\n\t\t\t\t\t<\/div>\n\t\t<\/div>\n\t\t\t\t\t\t\t<\/div>\n\t\t<\/section>\n\t\t\t\t<section class=\"elementor-section elementor-inner-section elementor-element elementor-element-ee1eb91 elementor-section-boxed elementor-section-height-default elementor-section-height-default\" data-id=\"ee1eb91\" data-element_type=\"section\">\n\t\t\t\t\t\t<div class=\"elementor-container elementor-column-gap-default\">\n\t\t\t\t\t<div class=\"elementor-column elementor-col-33 elementor-inner-column elementor-element elementor-element-b187faa\" data-id=\"b187faa\" data-element_type=\"column\">\n\t\t\t<div class=\"elementor-widget-wrap elementor-element-populated\">\n\t\t\t\t\t\t\t\t<div class=\"elementor-element elementor-element-4bd7362 elementor-widget elementor-widget-image\" data-id=\"4bd7362\" data-element_type=\"widget\" data-widget_type=\"image.default\">\n\t\t\t\t<div class=\"elementor-widget-container\">\n\t\t\t\t\t\t\t\t\t\t\t\t\t\t\t<img loading=\"lazy\" decoding=\"async\" width=\"195\" height=\"275\" src=\"https:\/\/chieishii.de\/wp-content\/uploads\/2019\/06\/heinz_erhardt_mal_klassisch.jpg\" class=\"attachment-large size-large wp-image-140\" alt=\"\" \/>\t\t\t\t\t\t\t\t\t\t\t\t\t\t\t<\/div>\n\t\t\t\t<\/div>\n\t\t\t\t\t<\/div>\n\t\t<\/div>\n\t\t\t\t<div class=\"elementor-column elementor-col-66 elementor-inner-column elementor-element elementor-element-396e758\" data-id=\"396e758\" data-element_type=\"column\">\n\t\t\t<div class=\"elementor-widget-wrap elementor-element-populated\">\n\t\t\t\t\t\t\t\t<div class=\"elementor-element elementor-element-f495950 elementor-widget elementor-widget-heading\" data-id=\"f495950\" data-element_type=\"widget\" data-widget_type=\"heading.default\">\n\t\t\t\t<div class=\"elementor-widget-container\">\n\t\t\t<h4 class=\"elementor-heading-title elementor-size-default\">Heinz Erhardt mal klassisch<\/h4>\t\t<\/div>\n\t\t\t\t<\/div>\n\t\t\t\t<div class=\"elementor-element elementor-element-01bacd9 elementor-widget elementor-widget-text-editor\" data-id=\"01bacd9\" data-element_type=\"widget\" data-widget_type=\"text-editor.default\">\n\t\t\t\t<div class=\"elementor-widget-container\">\n\t\t\t\t\t\t\t<p>ist der Sensationsfund und ein absolutes Highlight.<\/p><p>20 von Heinz Erhardt\u00b4s bisher unver\u00f6ffentlichten Klavierkompositionen wurden von Chie Ishii von seinen handgeschriebenen Noten gelesen und originalgetreu aufgesetzt. Diese Kompositionen wurden von seinem Sohn im elterlichen Keller gefunden und erstmals anl\u00e4sslich seines 100 j\u00e4hrigen Geburtstages in 2009 als Notensammlung ver\u00f6ffentlicht.<\/p><p><a href=\"http:\/\/chieishii.bandcamp.com\/\" target=\"_blank\" rel=\"noopener\">Jetzt kaufen<\/a><\/p>\t\t\t\t\t\t<\/div>\n\t\t\t\t<\/div>\n\t\t\t\t\t<\/div>\n\t\t<\/div>\n\t\t\t\t\t\t\t<\/div>\n\t\t<\/section>\n\t\t\t\t<section class=\"elementor-section elementor-inner-section elementor-element elementor-element-88a475a elementor-section-boxed elementor-section-height-default elementor-section-height-default\" data-id=\"88a475a\" data-element_type=\"section\">\n\t\t\t\t\t\t<div class=\"elementor-container elementor-column-gap-default\">\n\t\t\t\t\t<div class=\"elementor-column elementor-col-33 elementor-inner-column elementor-element elementor-element-eab3cc7\" data-id=\"eab3cc7\" data-element_type=\"column\">\n\t\t\t<div class=\"elementor-widget-wrap elementor-element-populated\">\n\t\t\t\t\t\t\t\t<div class=\"elementor-element elementor-element-92f14de elementor-widget elementor-widget-image\" data-id=\"92f14de\" data-element_type=\"widget\" data-widget_type=\"image.default\">\n\t\t\t\t<div class=\"elementor-widget-container\">\n\t\t\t\t\t\t\t\t\t\t\t\t\t\t\t<img loading=\"lazy\" decoding=\"async\" width=\"195\" height=\"280\" src=\"https:\/\/chieishii.de\/wp-content\/uploads\/2019\/06\/mia_songbook.jpg\" class=\"attachment-large size-large wp-image-141\" alt=\"\" \/>\t\t\t\t\t\t\t\t\t\t\t\t\t\t\t<\/div>\n\t\t\t\t<\/div>\n\t\t\t\t\t<\/div>\n\t\t<\/div>\n\t\t\t\t<div class=\"elementor-column elementor-col-66 elementor-inner-column elementor-element elementor-element-93263bd\" data-id=\"93263bd\" data-element_type=\"column\">\n\t\t\t<div class=\"elementor-widget-wrap elementor-element-populated\">\n\t\t\t\t\t\t\t\t<div class=\"elementor-element elementor-element-6ed40cd elementor-widget elementor-widget-heading\" data-id=\"6ed40cd\" data-element_type=\"widget\" data-widget_type=\"heading.default\">\n\t\t\t\t<div class=\"elementor-widget-container\">\n\t\t\t<h4 class=\"elementor-heading-title elementor-size-default\">MIA Songbook<\/h4>\t\t<\/div>\n\t\t\t\t<\/div>\n\t\t\t\t<div class=\"elementor-element elementor-element-be050e8 elementor-widget elementor-widget-text-editor\" data-id=\"be050e8\" data-element_type=\"widget\" data-widget_type=\"text-editor.default\">\n\t\t\t\t<div class=\"elementor-widget-container\">\n\t\t\t\t\t\t\t<div class=\"container\"><div class=\"row\"><div class=\"col-md-8\"><p>12 Hits von MIA wurden von Chie Ishii abgeh\u00f6rt und auf die Noten gesetzt. Das Buch enth\u00e4lt die Melodie mit Text, Keyboardpart, Akkordsymbole, Griffbildern f\u00fcr Gitarre, Drumgrooves und einige Bass-lines.<\/p><\/div><\/div><\/div><p>\u00a0<\/p>\t\t\t\t\t\t<\/div>\n\t\t\t\t<\/div>\n\t\t\t\t\t<\/div>\n\t\t<\/div>\n\t\t\t\t\t\t\t<\/div>\n\t\t<\/section>\n\t\t\t\t\t<\/div>\n\t\t<\/div>\n\t\t\t\t\t\t\t<\/div>\n\t\t<\/section>\n\t\t\t\t\t\t\t<\/div>\n\t\t","protected":false},"excerpt":{"rendered":"<p>B\u00fccher B\u00fccher f\u00fcr Klavier, Keyboard und E-Piano auf den Punkt gebracht! Von der Schule f\u00fcr den Anfang, bis hin zur Sammlung von romantischen Kompositionen und zur Fundgrube f\u00fcr alle, die auf der Suche nach Melodien f\u00fcr ein Vorspiel oder einfach nach sch\u00f6ne St\u00fccken sind. Mit Noten von &#8222;Heinz Erhardt &#8230;mal klassisch&#8220; und dem &#8222;Mia. Songbook&#8220; [&hellip;]<\/p>\n","protected":false},"author":1,"featured_media":0,"parent":0,"menu_order":0,"comment_status":"closed","ping_status":"closed","template":"elementor_header_footer","meta":{"footnotes":""},"_links":{"self":[{"href":"https:\/\/chieishii.de\/de\/wp-json\/wp\/v2\/pages\/132"}],"collection":[{"href":"https:\/\/chieishii.de\/de\/wp-json\/wp\/v2\/pages"}],"about":[{"href":"https:\/\/chieishii.de\/de\/wp-json\/wp\/v2\/types\/page"}],"author":[{"embeddable":true,"href":"https:\/\/chieishii.de\/de\/wp-json\/wp\/v2\/users\/1"}],"replies":[{"embeddable":true,"href":"https:\/\/chieishii.de\/de\/wp-json\/wp\/v2\/comments?post=132"}],"version-history":[{"count":4,"href":"https:\/\/chieishii.de\/de\/wp-json\/wp\/v2\/pages\/132\/revisions"}],"predecessor-version":[{"id":303,"href":"https:\/\/chieishii.de\/de\/wp-json\/wp\/v2\/pages\/132\/revisions\/303"}],"wp:attachment":[{"href":"https:\/\/chieishii.de\/de\/wp-json\/wp\/v2\/media?parent=132"}],"curies":[{"name":"wp","href":"https:\/\/api.w.org\/{rel}","templated":true}]}}