{"id":112,"date":"2019-05-13T23:53:22","date_gmt":"2019-05-13T23:53:22","guid":{"rendered":"http:\/\/chieishii.de\/?page_id=112"},"modified":"2019-07-02T11:20:51","modified_gmt":"2019-07-02T11:20:51","slug":"musik","status":"publish","type":"page","link":"https:\/\/chieishii.de\/de\/musik\/","title":{"rendered":"Musik &#8211; Solistin und Komponistin"},"content":{"rendered":"\t\t<div data-elementor-type=\"wp-post\" data-elementor-id=\"112\" class=\"elementor elementor-112\">\n\t\t\t\t\t\t\t\t\t<section class=\"elementor-section elementor-top-section elementor-element elementor-element-ab4dc7a elementor-section-boxed elementor-section-height-default elementor-section-height-default\" data-id=\"ab4dc7a\" data-element_type=\"section\">\n\t\t\t\t\t\t<div class=\"elementor-container elementor-column-gap-default\">\n\t\t\t\t\t<div class=\"elementor-column elementor-col-100 elementor-top-column elementor-element elementor-element-846007c\" data-id=\"846007c\" data-element_type=\"column\">\n\t\t\t<div class=\"elementor-widget-wrap elementor-element-populated\">\n\t\t\t\t\t\t\t\t<div class=\"elementor-element elementor-element-596ea6e elementor-widget elementor-widget-heading\" data-id=\"596ea6e\" data-element_type=\"widget\" data-widget_type=\"heading.default\">\n\t\t\t\t<div class=\"elementor-widget-container\">\n\t\t\t<h1 class=\"elementor-heading-title elementor-size-default\">Musik - Solistin und Komponistin\n<\/h1>\t\t<\/div>\n\t\t\t\t<\/div>\n\t\t\t\t<div class=\"elementor-element elementor-element-9f0f38d elementor-widget elementor-widget-text-editor\" data-id=\"9f0f38d\" data-element_type=\"widget\" data-widget_type=\"text-editor.default\">\n\t\t\t\t<div class=\"elementor-widget-container\">\n\t\t\t\t\t\t\t<p>Chies&#8216; Gesamtwerk steht sowohl Download als auch als CD im\u00a0<a href=\"http:\/\/chieishii.bandcamp.com\/\" target=\"_blank\" rel=\"noopener\">Online-Shop<\/a>\u00a0zur Verf\u00fcgung. Viele H\u00f6rprobe\/Videos stehen in\u00a0<a href=\"https:\/\/soundcloud.com\/chieishii\" target=\"_blank\" rel=\"noopener\">SoundCloud<\/a>\u00a0und\u00a0<a href=\"https:\/\/www.youtube.com\/channel\/UCJvQoGapzsYfduD1hZ9dG0g\/feed\" target=\"_blank\" rel=\"noopener\">YouTube<\/a>\u00a0zur Verf\u00fcgung.<\/p>\t\t\t\t\t\t<\/div>\n\t\t\t\t<\/div>\n\t\t\t\t\t<\/div>\n\t\t<\/div>\n\t\t\t\t\t\t\t<\/div>\n\t\t<\/section>\n\t\t\t\t<section class=\"elementor-section elementor-top-section elementor-element elementor-element-338383e elementor-section-boxed elementor-section-height-default elementor-section-height-default\" data-id=\"338383e\" data-element_type=\"section\">\n\t\t\t\t\t\t<div class=\"elementor-container elementor-column-gap-default\">\n\t\t\t\t\t<div class=\"elementor-column elementor-col-100 elementor-top-column elementor-element elementor-element-630f1d9\" data-id=\"630f1d9\" data-element_type=\"column\">\n\t\t\t<div class=\"elementor-widget-wrap elementor-element-populated\">\n\t\t\t\t\t\t\t\t<div class=\"elementor-element elementor-element-c03dd12 elementor-widget elementor-widget-audio\" data-id=\"c03dd12\" data-element_type=\"widget\" data-widget_type=\"audio.default\">\n\t\t\t\t<div class=\"elementor-widget-container\">\n\t\t\t\t\t\t<div class=\"elementor-soundcloud-wrapper\">\n\t\t\t\t<iframe width=\"1170\" height=\"200\" frameborder=\"no\" src=\"https:\/\/w.soundcloud.com\/player\/?visual=false&#038;url=https%3A%2F%2Fapi.soundcloud.com%2Ftracks%2F172910279&#038;show_artwork=true&#038;maxheight=1000&#038;maxwidth=1170&#038;auto_play=false&#038;buying=true&#038;liking=true&#038;download=false&#038;sharing=true&#038;show_comments=false&#038;show_playcount=false&#038;show_user=true&#038;color\"><\/iframe>\t\t\t<\/div>\n\t\t\t\t\t<\/div>\n\t\t\t\t<\/div>\n\t\t\t\t<div class=\"elementor-element elementor-element-347d7fb elementor-widget elementor-widget-audio\" data-id=\"347d7fb\" data-element_type=\"widget\" data-widget_type=\"audio.default\">\n\t\t\t\t<div class=\"elementor-widget-container\">\n\t\t\t\t\t\t<div class=\"elementor-soundcloud-wrapper\">\n\t\t\t\t<iframe width=\"1170\" height=\"200\" frameborder=\"no\" src=\"https:\/\/w.soundcloud.com\/player\/?visual=false&#038;url=https%3A%2F%2Fapi.soundcloud.com%2Ftracks%2F173347528&#038;show_artwork=true&#038;maxheight=1000&#038;maxwidth=1170&#038;auto_play=false&#038;buying=true&#038;liking=true&#038;download=false&#038;sharing=true&#038;show_comments=false&#038;show_playcount=false&#038;show_user=true&#038;color\"><\/iframe>\t\t\t<\/div>\n\t\t\t\t\t<\/div>\n\t\t\t\t<\/div>\n\t\t\t\t\t<\/div>\n\t\t<\/div>\n\t\t\t\t\t\t\t<\/div>\n\t\t<\/section>\n\t\t\t\t<section class=\"elementor-section elementor-top-section elementor-element elementor-element-a3603d7 elementor-section-boxed elementor-section-height-default elementor-section-height-default\" data-id=\"a3603d7\" data-element_type=\"section\">\n\t\t\t\t\t\t<div class=\"elementor-container elementor-column-gap-default\">\n\t\t\t\t\t<div class=\"elementor-column elementor-col-100 elementor-top-column elementor-element elementor-element-d1df408\" data-id=\"d1df408\" data-element_type=\"column\">\n\t\t\t<div class=\"elementor-widget-wrap elementor-element-populated\">\n\t\t\t\t\t\t\t\t<div class=\"elementor-element elementor-element-3c2d7a9 elementor-widget elementor-widget-heading\" data-id=\"3c2d7a9\" data-element_type=\"widget\" data-widget_type=\"heading.default\">\n\t\t\t\t<div class=\"elementor-widget-container\">\n\t\t\t<h2 class=\"elementor-heading-title elementor-size-default\">CDs<\/h2>\t\t<\/div>\n\t\t\t\t<\/div>\n\t\t\t\t<div class=\"elementor-element elementor-element-b092a93 elementor-widget elementor-widget-text-editor\" data-id=\"b092a93\" data-element_type=\"widget\" data-widget_type=\"text-editor.default\">\n\t\t\t\t<div class=\"elementor-widget-container\">\n\t\t\t\t\t\t\t<p>Hier sind Details ihrer CDs. Sie sind im\u00a0<a href=\"http:\/\/chieishii.bandcamp.com\/\" target=\"_blank\" rel=\"noopener\">Online-Shop<\/a>\u00a0erh\u00e4ltlich.<\/p>\t\t\t\t\t\t<\/div>\n\t\t\t\t<\/div>\n\t\t\t\t\t<\/div>\n\t\t<\/div>\n\t\t\t\t\t\t\t<\/div>\n\t\t<\/section>\n\t\t\t\t<section class=\"elementor-section elementor-top-section elementor-element elementor-element-d2724ee elementor-section-boxed elementor-section-height-default elementor-section-height-default\" data-id=\"d2724ee\" data-element_type=\"section\">\n\t\t\t\t\t\t<div class=\"elementor-container elementor-column-gap-default\">\n\t\t\t\t\t<div class=\"elementor-column elementor-col-100 elementor-top-column elementor-element elementor-element-cd448b5\" data-id=\"cd448b5\" data-element_type=\"column\">\n\t\t\t<div class=\"elementor-widget-wrap elementor-element-populated\">\n\t\t\t\t\t\t\t\t<section class=\"elementor-section elementor-inner-section elementor-element elementor-element-fcae382 elementor-section-boxed elementor-section-height-default elementor-section-height-default\" data-id=\"fcae382\" data-element_type=\"section\">\n\t\t\t\t\t\t<div class=\"elementor-container elementor-column-gap-default\">\n\t\t\t\t\t<div class=\"elementor-column elementor-col-33 elementor-inner-column elementor-element elementor-element-4d8070e\" data-id=\"4d8070e\" data-element_type=\"column\">\n\t\t\t<div class=\"elementor-widget-wrap elementor-element-populated\">\n\t\t\t\t\t\t\t\t<div class=\"elementor-element elementor-element-35c9c6b elementor-widget elementor-widget-image\" data-id=\"35c9c6b\" data-element_type=\"widget\" data-widget_type=\"image.default\">\n\t\t\t\t<div class=\"elementor-widget-container\">\n\t\t\t\t\t\t\t\t\t\t\t\t\t\t\t<img decoding=\"async\" width=\"220\" height=\"220\" src=\"https:\/\/chieishii.de\/wp-content\/uploads\/2019\/06\/berlin_affair_3.jpg\" class=\"attachment-large size-large wp-image-123\" alt=\"\" srcset=\"https:\/\/chieishii.de\/wp-content\/uploads\/2019\/06\/berlin_affair_3.jpg 220w, https:\/\/chieishii.de\/wp-content\/uploads\/2019\/06\/berlin_affair_3-150x150.jpg 150w\" sizes=\"(max-width: 220px) 100vw, 220px\" \/>\t\t\t\t\t\t\t\t\t\t\t\t\t\t\t<\/div>\n\t\t\t\t<\/div>\n\t\t\t\t\t<\/div>\n\t\t<\/div>\n\t\t\t\t<div class=\"elementor-column elementor-col-66 elementor-inner-column elementor-element elementor-element-233bf72\" data-id=\"233bf72\" data-element_type=\"column\">\n\t\t\t<div class=\"elementor-widget-wrap elementor-element-populated\">\n\t\t\t\t\t\t\t\t<div class=\"elementor-element elementor-element-6d3a43b elementor-widget elementor-widget-heading\" data-id=\"6d3a43b\" data-element_type=\"widget\" data-widget_type=\"heading.default\">\n\t\t\t\t<div class=\"elementor-widget-container\">\n\t\t\t<h4 class=\"elementor-heading-title elementor-size-default\">Berlin Affair 3 - Klavierwerke von Chie Ishii (2003)\n\n<\/h4>\t\t<\/div>\n\t\t\t\t<\/div>\n\t\t\t\t<div class=\"elementor-element elementor-element-7fe2b68 elementor-widget elementor-widget-text-editor\" data-id=\"7fe2b68\" data-element_type=\"widget\" data-widget_type=\"text-editor.default\">\n\t\t\t\t<div class=\"elementor-widget-container\">\n\t\t\t\t\t\t\t<p>Alle Werke komponiert, gespielt und produziert von Chie Ishii.<\/p><ul><li>Produktion: MBL Akustikger\u00e4te GmbH Berlin, Germany<\/li><li>Tonmeister: Hans Georg Brunner- Schwer<\/li><li>Aufgenommen in dem: HGBS Studio Villingen-Schwenningen, Germany<\/li><li>Klavier: B\u00f6sendorfer Imperial<\/li><\/ul><p><a href=\"http:\/\/chieishii.bandcamp.com\/\" target=\"_blank\" rel=\"noopener\">Jetzt kaufen<\/a><\/p>\t\t\t\t\t\t<\/div>\n\t\t\t\t<\/div>\n\t\t\t\t\t<\/div>\n\t\t<\/div>\n\t\t\t\t\t\t\t<\/div>\n\t\t<\/section>\n\t\t\t\t<section class=\"elementor-section elementor-inner-section elementor-element elementor-element-ce1c2b3 elementor-section-boxed elementor-section-height-default elementor-section-height-default\" data-id=\"ce1c2b3\" data-element_type=\"section\">\n\t\t\t\t\t\t<div class=\"elementor-container elementor-column-gap-default\">\n\t\t\t\t\t<div class=\"elementor-column elementor-col-33 elementor-inner-column elementor-element elementor-element-9da81bc\" data-id=\"9da81bc\" data-element_type=\"column\">\n\t\t\t<div class=\"elementor-widget-wrap elementor-element-populated\">\n\t\t\t\t\t\t\t\t<div class=\"elementor-element elementor-element-b5f9e7c elementor-widget elementor-widget-image\" data-id=\"b5f9e7c\" data-element_type=\"widget\" data-widget_type=\"image.default\">\n\t\t\t\t<div class=\"elementor-widget-container\">\n\t\t\t\t\t\t\t\t\t\t\t\t\t\t\t<img decoding=\"async\" width=\"220\" height=\"217\" src=\"https:\/\/chieishii.de\/wp-content\/uploads\/2019\/06\/berlin_affair_2.jpg\" class=\"attachment-large size-large wp-image-126\" alt=\"\" \/>\t\t\t\t\t\t\t\t\t\t\t\t\t\t\t<\/div>\n\t\t\t\t<\/div>\n\t\t\t\t\t<\/div>\n\t\t<\/div>\n\t\t\t\t<div class=\"elementor-column elementor-col-66 elementor-inner-column elementor-element elementor-element-99444d6\" data-id=\"99444d6\" data-element_type=\"column\">\n\t\t\t<div class=\"elementor-widget-wrap elementor-element-populated\">\n\t\t\t\t\t\t\t\t<div class=\"elementor-element elementor-element-859b1b5 elementor-widget elementor-widget-heading\" data-id=\"859b1b5\" data-element_type=\"widget\" data-widget_type=\"heading.default\">\n\t\t\t\t<div class=\"elementor-widget-container\">\n\t\t\t<h4 class=\"elementor-heading-title elementor-size-default\">Berlin Affair 2 - Klavierwerke von Fr\u00e9d\u00e9ric Chopin und Chie Ishii (1999)<\/h4>\t\t<\/div>\n\t\t\t\t<\/div>\n\t\t\t\t<div class=\"elementor-element elementor-element-3541665 elementor-widget elementor-widget-text-editor\" data-id=\"3541665\" data-element_type=\"widget\" data-widget_type=\"text-editor.default\">\n\t\t\t\t<div class=\"elementor-widget-container\">\n\t\t\t\t\t\t\t<p>&#8222;Berlin Affair 2&#8220; ist eine Co- Produktion der MBL Akustikger\u00e4te GmbH Berlin, mit der Messe Berlin, den Zeitschriften &#8222;Audio&#8220; und &#8222;Scala&#8220;.<\/p><ul><li>Aufgenommen in den: Bauer Studios, Ludwigsburg, Germany<\/li><li>Klavier: Steinway &amp; Sons D- Konzertfl\u00fcgel, NY 208031<\/li><\/ul><p><a href=\"http:\/\/chieishii.bandcamp.com\/\" target=\"_blank\" rel=\"noopener\">Jetzt kaufen<\/a><\/p>\t\t\t\t\t\t<\/div>\n\t\t\t\t<\/div>\n\t\t\t\t\t<\/div>\n\t\t<\/div>\n\t\t\t\t\t\t\t<\/div>\n\t\t<\/section>\n\t\t\t\t<section class=\"elementor-section elementor-inner-section elementor-element elementor-element-feca9f7 elementor-section-boxed elementor-section-height-default elementor-section-height-default\" data-id=\"feca9f7\" data-element_type=\"section\">\n\t\t\t\t\t\t<div class=\"elementor-container elementor-column-gap-default\">\n\t\t\t\t\t<div class=\"elementor-column elementor-col-33 elementor-inner-column elementor-element elementor-element-5acf616\" data-id=\"5acf616\" data-element_type=\"column\">\n\t\t\t<div class=\"elementor-widget-wrap elementor-element-populated\">\n\t\t\t\t\t\t\t\t<div class=\"elementor-element elementor-element-0b637d5 elementor-widget elementor-widget-image\" data-id=\"0b637d5\" data-element_type=\"widget\" data-widget_type=\"image.default\">\n\t\t\t\t<div class=\"elementor-widget-container\">\n\t\t\t\t\t\t\t\t\t\t\t\t\t\t\t<img decoding=\"async\" width=\"220\" height=\"221\" src=\"https:\/\/chieishii.de\/wp-content\/uploads\/2019\/06\/berlin_affair.jpg\" class=\"attachment-large size-large wp-image-127\" alt=\"\" srcset=\"https:\/\/chieishii.de\/wp-content\/uploads\/2019\/06\/berlin_affair.jpg 220w, https:\/\/chieishii.de\/wp-content\/uploads\/2019\/06\/berlin_affair-150x150.jpg 150w\" sizes=\"(max-width: 220px) 100vw, 220px\" \/>\t\t\t\t\t\t\t\t\t\t\t\t\t\t\t<\/div>\n\t\t\t\t<\/div>\n\t\t\t\t\t<\/div>\n\t\t<\/div>\n\t\t\t\t<div class=\"elementor-column elementor-col-66 elementor-inner-column elementor-element elementor-element-a2a59be\" data-id=\"a2a59be\" data-element_type=\"column\">\n\t\t\t<div class=\"elementor-widget-wrap elementor-element-populated\">\n\t\t\t\t\t\t\t\t<div class=\"elementor-element elementor-element-65bca39 elementor-widget elementor-widget-heading\" data-id=\"65bca39\" data-element_type=\"widget\" data-widget_type=\"heading.default\">\n\t\t\t\t<div class=\"elementor-widget-container\">\n\t\t\t<h4 class=\"elementor-heading-title elementor-size-default\">Berlin Affair - Klavierwerke von Fr\u00e9d\u00e9ric Chopin und Chie Ishii (1997)\n\n<\/h4>\t\t<\/div>\n\t\t\t\t<\/div>\n\t\t\t\t<div class=\"elementor-element elementor-element-1844cbb elementor-widget elementor-widget-text-editor\" data-id=\"1844cbb\" data-element_type=\"widget\" data-widget_type=\"text-editor.default\">\n\t\t\t\t<div class=\"elementor-widget-container\">\n\t\t\t\t\t\t\t<p>Die CD zur internationalen Funkausstellung Berlin 1997, Deutschlandpremiere f\u00fcr DVD-Audio, 24 BIT 96 KHz<\/p><ul><li>Aufgenommen in dem: Kleine Sendesaal im Haus des Rundfunks (SFB), Berlin<\/li><li>Klavier: Steinway &amp; Sons D- Konzertfl\u00fcgel, Hamburg 517045<\/li><\/ul><p><a href=\"http:\/\/chieishii.bandcamp.com\/\" target=\"_blank\" rel=\"noopener\">Jetzt kaufen<\/a><\/p>\t\t\t\t\t\t<\/div>\n\t\t\t\t<\/div>\n\t\t\t\t\t<\/div>\n\t\t<\/div>\n\t\t\t\t\t\t\t<\/div>\n\t\t<\/section>\n\t\t\t\t<section class=\"elementor-section elementor-inner-section elementor-element elementor-element-c08e744 elementor-section-boxed elementor-section-height-default elementor-section-height-default\" data-id=\"c08e744\" data-element_type=\"section\">\n\t\t\t\t\t\t<div class=\"elementor-container elementor-column-gap-default\">\n\t\t\t\t\t<div class=\"elementor-column elementor-col-33 elementor-inner-column elementor-element elementor-element-d8667dc\" data-id=\"d8667dc\" data-element_type=\"column\">\n\t\t\t<div class=\"elementor-widget-wrap elementor-element-populated\">\n\t\t\t\t\t\t\t\t<div class=\"elementor-element elementor-element-65b320f elementor-widget elementor-widget-image\" data-id=\"65b320f\" data-element_type=\"widget\" data-widget_type=\"image.default\">\n\t\t\t\t<div class=\"elementor-widget-container\">\n\t\t\t\t\t\t\t\t\t\t\t\t\t\t\t<img loading=\"lazy\" decoding=\"async\" width=\"220\" height=\"220\" src=\"https:\/\/chieishii.de\/wp-content\/uploads\/2019\/06\/heinz_erhardt.jpg\" class=\"attachment-large size-large wp-image-128\" alt=\"\" srcset=\"https:\/\/chieishii.de\/wp-content\/uploads\/2019\/06\/heinz_erhardt.jpg 220w, https:\/\/chieishii.de\/wp-content\/uploads\/2019\/06\/heinz_erhardt-150x150.jpg 150w\" sizes=\"(max-width: 220px) 100vw, 220px\" \/>\t\t\t\t\t\t\t\t\t\t\t\t\t\t\t<\/div>\n\t\t\t\t<\/div>\n\t\t\t\t\t<\/div>\n\t\t<\/div>\n\t\t\t\t<div class=\"elementor-column elementor-col-66 elementor-inner-column elementor-element elementor-element-a5775c3\" data-id=\"a5775c3\" data-element_type=\"column\">\n\t\t\t<div class=\"elementor-widget-wrap elementor-element-populated\">\n\t\t\t\t\t\t\t\t<div class=\"elementor-element elementor-element-369fade elementor-widget elementor-widget-heading\" data-id=\"369fade\" data-element_type=\"widget\" data-widget_type=\"heading.default\">\n\t\t\t\t<div class=\"elementor-widget-container\">\n\t\t\t<h4 class=\"elementor-heading-title elementor-size-default\">\"Heinz Erhardt mal klassisch\" (2009)\n\n<\/h4>\t\t<\/div>\n\t\t\t\t<\/div>\n\t\t\t\t<div class=\"elementor-element elementor-element-956f2a0 elementor-widget elementor-widget-text-editor\" data-id=\"956f2a0\" data-element_type=\"widget\" data-widget_type=\"text-editor.default\">\n\t\t\t\t<div class=\"elementor-widget-container\">\n\t\t\t\t\t\t\t<p>24 bisher unver\u00f6ffentlichte Klavierkomposi-tionen von Heinz Erhardt wurden von Chie Ishii nach den Originalnoten professionell eingespielt.<\/p><p>Heinz Erhardts\u2019 Kompositionen sind seine Gedichte ohne Worte. Seine Musik ist stilistisch in die Romantik einzuordnen. Sie beschreibt etwas oder erz\u00e4hlt eine Geschichte, ist mal poetisch, mal komisch. Sie hat einen Humor mit Tiefgr\u00fcndigkeit und ist meist harmonisch und unterhaltsam. Wie er seine Sinnspr\u00fcche schrieb, so komponierte er seine musikalischen Motive. Sie basieren auf den gleichen Themen, Gef\u00fchle, Natur und t\u00e4gliche Ereignisse, wie seine Gedichte. Es ist eine sensationelle Entdeckung \u00fcber Heinz Erhardts\u2019 bis jetzt unbekannt gebliebenes Talent.<\/p><p><a href=\"http:\/\/chieishii.bandcamp.com\/\" target=\"_blank\" rel=\"noopener\">Jetzt kaufen<\/a><\/p>\t\t\t\t\t\t<\/div>\n\t\t\t\t<\/div>\n\t\t\t\t\t<\/div>\n\t\t<\/div>\n\t\t\t\t\t\t\t<\/div>\n\t\t<\/section>\n\t\t\t\t<section class=\"elementor-section elementor-inner-section elementor-element elementor-element-2cdad52 elementor-section-boxed elementor-section-height-default elementor-section-height-default\" data-id=\"2cdad52\" data-element_type=\"section\">\n\t\t\t\t\t\t<div class=\"elementor-container elementor-column-gap-default\">\n\t\t\t\t\t<div class=\"elementor-column elementor-col-33 elementor-inner-column elementor-element elementor-element-1b15ae3\" data-id=\"1b15ae3\" data-element_type=\"column\">\n\t\t\t<div class=\"elementor-widget-wrap elementor-element-populated\">\n\t\t\t\t\t\t\t\t<div class=\"elementor-element elementor-element-68a7b2b elementor-widget elementor-widget-image\" data-id=\"68a7b2b\" data-element_type=\"widget\" data-widget_type=\"image.default\">\n\t\t\t\t<div class=\"elementor-widget-container\">\n\t\t\t\t\t\t\t\t\t\t\t\t\t\t\t<img loading=\"lazy\" decoding=\"async\" width=\"220\" height=\"219\" src=\"https:\/\/chieishii.de\/wp-content\/uploads\/2019\/06\/kleine_werke_grosser_meister-1.jpg\" class=\"attachment-large size-large wp-image-129\" alt=\"\" srcset=\"https:\/\/chieishii.de\/wp-content\/uploads\/2019\/06\/kleine_werke_grosser_meister-1.jpg 220w, https:\/\/chieishii.de\/wp-content\/uploads\/2019\/06\/kleine_werke_grosser_meister-1-150x150.jpg 150w\" sizes=\"(max-width: 220px) 100vw, 220px\" \/>\t\t\t\t\t\t\t\t\t\t\t\t\t\t\t<\/div>\n\t\t\t\t<\/div>\n\t\t\t\t\t<\/div>\n\t\t<\/div>\n\t\t\t\t<div class=\"elementor-column elementor-col-66 elementor-inner-column elementor-element elementor-element-a0eab7a\" data-id=\"a0eab7a\" data-element_type=\"column\">\n\t\t\t<div class=\"elementor-widget-wrap elementor-element-populated\">\n\t\t\t\t\t\t\t\t<div class=\"elementor-element elementor-element-b13372f elementor-widget elementor-widget-heading\" data-id=\"b13372f\" data-element_type=\"widget\" data-widget_type=\"heading.default\">\n\t\t\t\t<div class=\"elementor-widget-container\">\n\t\t\t<h4 class=\"elementor-heading-title elementor-size-default\">Kleine Werke Grosser Meister (1998)\n\n<\/h4>\t\t<\/div>\n\t\t\t\t<\/div>\n\t\t\t\t<div class=\"elementor-element elementor-element-eef047f elementor-widget elementor-widget-text-editor\" data-id=\"eef047f\" data-element_type=\"widget\" data-widget_type=\"text-editor.default\">\n\t\t\t\t<div class=\"elementor-widget-container\">\n\t\t\t\t\t\t\t<p>Produktion: HGBS- Studio + Musikproduktion GmbH, Villingen- Schwenningen, Germany<\/p><ul><li>Label: HGBS<\/li><li>Tonmeister: Hans Georg Brunner- Schwer<\/li><li>Aufgenommen in dem: HGBS Studio Villingen-Schwenningen, Germany<\/li><li>Klavier: B\u00f6sendorfer Imperial<\/li><\/ul><p><a href=\"http:\/\/chieishii.bandcamp.com\/\" target=\"_blank\" rel=\"noopener\">Jetzt kaufen<\/a><\/p>\t\t\t\t\t\t<\/div>\n\t\t\t\t<\/div>\n\t\t\t\t\t<\/div>\n\t\t<\/div>\n\t\t\t\t\t\t\t<\/div>\n\t\t<\/section>\n\t\t\t\t<section class=\"elementor-section elementor-inner-section elementor-element elementor-element-94fb3a4 elementor-section-boxed elementor-section-height-default elementor-section-height-default\" data-id=\"94fb3a4\" data-element_type=\"section\">\n\t\t\t\t\t\t<div class=\"elementor-container elementor-column-gap-default\">\n\t\t\t\t\t<div class=\"elementor-column elementor-col-33 elementor-inner-column elementor-element elementor-element-179843b\" data-id=\"179843b\" data-element_type=\"column\">\n\t\t\t<div class=\"elementor-widget-wrap elementor-element-populated\">\n\t\t\t\t\t\t\t\t<div class=\"elementor-element elementor-element-f6e6d8e elementor-widget elementor-widget-image\" data-id=\"f6e6d8e\" data-element_type=\"widget\" data-widget_type=\"image.default\">\n\t\t\t\t<div class=\"elementor-widget-container\">\n\t\t\t\t\t\t\t\t\t\t\t\t\t\t\t<img loading=\"lazy\" decoding=\"async\" width=\"220\" height=\"220\" src=\"https:\/\/chieishii.de\/wp-content\/uploads\/2019\/06\/die_besten_berlin_songs.jpg\" class=\"attachment-large size-large wp-image-130\" alt=\"\" srcset=\"https:\/\/chieishii.de\/wp-content\/uploads\/2019\/06\/die_besten_berlin_songs.jpg 220w, https:\/\/chieishii.de\/wp-content\/uploads\/2019\/06\/die_besten_berlin_songs-150x150.jpg 150w\" sizes=\"(max-width: 220px) 100vw, 220px\" \/>\t\t\t\t\t\t\t\t\t\t\t\t\t\t\t<\/div>\n\t\t\t\t<\/div>\n\t\t\t\t\t<\/div>\n\t\t<\/div>\n\t\t\t\t<div class=\"elementor-column elementor-col-66 elementor-inner-column elementor-element elementor-element-e449060\" data-id=\"e449060\" data-element_type=\"column\">\n\t\t\t<div class=\"elementor-widget-wrap elementor-element-populated\">\n\t\t\t\t\t\t\t\t<div class=\"elementor-element elementor-element-fde2d9d elementor-widget elementor-widget-heading\" data-id=\"fde2d9d\" data-element_type=\"widget\" data-widget_type=\"heading.default\">\n\t\t\t\t<div class=\"elementor-widget-container\">\n\t\t\t<h4 class=\"elementor-heading-title elementor-size-default\">The Best Songs from Berlin (Sampler, 1999)<\/h4>\t\t<\/div>\n\t\t\t\t<\/div>\n\t\t\t\t<div class=\"elementor-element elementor-element-1228641 elementor-widget elementor-widget-text-editor\" data-id=\"1228641\" data-element_type=\"widget\" data-widget_type=\"text-editor.default\">\n\t\t\t\t<div class=\"elementor-widget-container\">\n\t\t\t\t\t\t\t<p>Et\u00fcde Op. 10, Nr. 4 \/ Fr\u00e9d\u00e9ric Chopin<\/p><p>Interpretin: Chie Ishii<\/p>\t\t\t\t\t\t<\/div>\n\t\t\t\t<\/div>\n\t\t\t\t\t<\/div>\n\t\t<\/div>\n\t\t\t\t\t\t\t<\/div>\n\t\t<\/section>\n\t\t\t\t\t<\/div>\n\t\t<\/div>\n\t\t\t\t\t\t\t<\/div>\n\t\t<\/section>\n\t\t\t\t\t\t\t<\/div>\n\t\t","protected":false},"excerpt":{"rendered":"<p>Musik &#8211; Solistin und Komponistin Chies&#8216; Gesamtwerk steht sowohl Download als auch als CD im&nbsp;Online-Shop&nbsp;zur Verf\u00fcgung. Viele H\u00f6rprobe\/Videos stehen in&nbsp;SoundCloud&nbsp;und&nbsp;YouTube&nbsp;zur Verf\u00fcgung. CDs Hier sind Details ihrer CDs. Sie sind im&nbsp;Online-Shop&nbsp;erh\u00e4ltlich. Berlin Affair 3 &#8211; Klavierwerke von Chie Ishii (2003) Alle Werke komponiert, gespielt und produziert von Chie Ishii. Produktion: MBL Akustikger\u00e4te GmbH Berlin, Germany Tonmeister: [&hellip;]<\/p>\n","protected":false},"author":1,"featured_media":0,"parent":0,"menu_order":0,"comment_status":"closed","ping_status":"closed","template":"elementor_header_footer","meta":{"footnotes":""},"_links":{"self":[{"href":"https:\/\/chieishii.de\/de\/wp-json\/wp\/v2\/pages\/112"}],"collection":[{"href":"https:\/\/chieishii.de\/de\/wp-json\/wp\/v2\/pages"}],"about":[{"href":"https:\/\/chieishii.de\/de\/wp-json\/wp\/v2\/types\/page"}],"author":[{"embeddable":true,"href":"https:\/\/chieishii.de\/de\/wp-json\/wp\/v2\/users\/1"}],"replies":[{"embeddable":true,"href":"https:\/\/chieishii.de\/de\/wp-json\/wp\/v2\/comments?post=112"}],"version-history":[{"count":8,"href":"https:\/\/chieishii.de\/de\/wp-json\/wp\/v2\/pages\/112\/revisions"}],"predecessor-version":[{"id":229,"href":"https:\/\/chieishii.de\/de\/wp-json\/wp\/v2\/pages\/112\/revisions\/229"}],"wp:attachment":[{"href":"https:\/\/chieishii.de\/de\/wp-json\/wp\/v2\/media?parent=112"}],"curies":[{"name":"wp","href":"https:\/\/api.w.org\/{rel}","templated":true}]}}